{"id":75,"date":"2024-01-15T17:01:13","date_gmt":"2024-01-15T17:01:13","guid":{"rendered":"https:\/\/sinerji-as.com\/?page_id=75"},"modified":"2024-07-24T14:02:52","modified_gmt":"2024-07-24T11:02:52","slug":"meyve-ve-sebze-isleme","status":"publish","type":"page","link":"https:\/\/sinerji-as.com\/?page_id=75","title":{"rendered":"Meyve ve Sebze \u0130\u015fleme"},"content":{"rendered":"\n<div class=\"wp-block-group alignwide has-accent-4-background-color has-background is-layout-flow wp-block-group-is-layout-flow\" style=\"padding-top:var(--wp--preset--spacing--50);padding-right:var(--wp--preset--spacing--50);padding-bottom:var(--wp--preset--spacing--50);padding-left:var(--wp--preset--spacing--50)\"><h2 class=\"wp-block-post-title\">Meyve ve Sebze \u0130\u015fleme<\/h2>\n\n\n<div class=\"wp-block-columns is-layout-flex wp-container-core-columns-is-layout-d0b3c9c8 wp-block-columns-is-layout-flex\">\n<div class=\"wp-block-column is-layout-flow wp-block-column-is-layout-flow\" style=\"--col-width:75%;flex-basis:75%\">\n<p>Meyve suyu konsantresi \u00fcretiminde kullan\u0131lan \u00fcr\u00fcnlerimizden, Filtre Kartonlar\u0131, Enzimler, Durultma ve Stabilizasyon \u00fcr\u00fcnleri a\u015fa\u011f\u0131da listelenmi\u015ftir. \u00dcr\u00fcnlere ait Teknik Bilgi ve Malzeme G\u00fcvenlik Bilgi Dok\u00fcmanlar\u0131na bu sayfadan ula\u015fabilirsiniz. \u00dcr\u00fcnler hakk\u0131nda daha detayl\u0131 bilgi i\u00e7in l\u00fctfen bizimle irtibata ge\u00e7iniz. <a href=\"mailto:info@sinerji-as.com\">info@sinerji-as.com<\/a><\/p>\n\n\n\n<p>Meyve suyu \u00fcretiminde kullan\u0131lan Meyve S\u0131kma Presleri, Sap Ay\u0131rma, Filtreler, Pompalarla ilgili bilgilere a\u015fa\u011f\u0131daki linklerden ula\u015fabilirsiniz.<\/p>\n\n\n\n<p><strong>Meyve S\u0131kma Presleri<br>Sap Ay\u0131rma<br>Filtreler (Vakumlu Tambur Filtre, Kieselgur Filtre)<br>Pompalar<\/strong><\/p>\n\n\n\n<div style=\"height:50px\" aria-hidden=\"true\" class=\"wp-block-spacer\"><\/div>\n<\/div>\n\n\n\n<div class=\"wp-block-column is-layout-flow wp-block-column-is-layout-flow\" style=\"--col-width:25%;flex-basis:25%\">\n<div class=\"wp-block-group has-base-background-color has-background has-global-padding is-layout-constrained wp-container-core-group-is-layout-86dba5ee wp-block-group-is-layout-constrained\" style=\"padding-top:var(--wp--preset--spacing--10);padding-right:var(--wp--preset--spacing--10);padding-bottom:var(--wp--preset--spacing--10);padding-left:var(--wp--preset--spacing--10)\">\n<h4 class=\"wp-block-heading has-text-align-right has-custom-color-1-color has-text-color has-link-color wp-elements-2b416c701356fab600a28d8a8edeb06e\"><strong>\u00dcr\u00fcn Gruplar\u0131<\/strong><\/h4>\n\n\n<nav class=\"is-responsive items-justified-right is-vertical wp-block-navigation is-content-justification-right is-layout-flex wp-container-core-navigation-is-layout-c0d519fa wp-block-navigation-is-layout-flex\" aria-label=\"Filtrasyon Menu\" \n\t\t data-wp-interactive=\"core\/navigation\" data-wp-context='{\"overlayOpenedBy\":{\"click\":false,\"hover\":false,\"focus\":false},\"type\":\"overlay\",\"roleAttribute\":\"\",\"ariaLabel\":\"Men\\u00fc\"}'><button aria-haspopup=\"dialog\" aria-label=\"Men\u00fcy\u00fc a\u00e7\" class=\"wp-block-navigation__responsive-container-open\" \n\t\t\t\tdata-wp-on--click=\"actions.openMenuOnClick\"\n\t\t\t\tdata-wp-on--keydown=\"actions.handleMenuKeydown\"\n\t\t\t><svg width=\"24\" height=\"24\" xmlns=\"http:\/\/www.w3.org\/2000\/svg\" viewBox=\"0 0 24 24\" aria-hidden=\"true\" focusable=\"false\"><path d=\"M4 7.5h16v1.5H4z\"><\/path><path d=\"M4 15h16v1.5H4z\"><\/path><\/svg><\/button>\n\t\t\t\t<div class=\"wp-block-navigation__responsive-container  has-background has-accent-3-background-color\"  id=\"modal-1\" \n\t\t\t\tdata-wp-class--has-modal-open=\"state.isMenuOpen\"\n\t\t\t\tdata-wp-class--is-menu-open=\"state.isMenuOpen\"\n\t\t\t\tdata-wp-watch=\"callbacks.initMenu\"\n\t\t\t\tdata-wp-on--keydown=\"actions.handleMenuKeydown\"\n\t\t\t\tdata-wp-on--focusout=\"actions.handleMenuFocusout\"\n\t\t\t\ttabindex=\"-1\"\n\t\t\t>\n\t\t\t\t\t<div class=\"wp-block-navigation__responsive-close\" tabindex=\"-1\">\n\t\t\t\t\t\t<div class=\"wp-block-navigation__responsive-dialog\" \n\t\t\t\tdata-wp-bind--aria-modal=\"state.ariaModal\"\n\t\t\t\tdata-wp-bind--aria-label=\"state.ariaLabel\"\n\t\t\t\tdata-wp-bind--role=\"state.roleAttribute\"\n\t\t\t>\n\t\t\t\t\t\t\t<button aria-label=\"Men\u00fcy\u00fc kapat\" class=\"wp-block-navigation__responsive-container-close\" \n\t\t\t\tdata-wp-on--click=\"actions.closeMenuOnClick\"\n\t\t\t><svg xmlns=\"http:\/\/www.w3.org\/2000\/svg\" viewBox=\"0 0 24 24\" width=\"24\" height=\"24\" aria-hidden=\"true\" focusable=\"false\"><path d=\"m13.06 12 6.47-6.47-1.06-1.06L12 10.94 5.53 4.47 4.47 5.53 10.94 12l-6.47 6.47 1.06 1.06L12 13.06l6.47 6.47 1.06-1.06L13.06 12Z\"><\/path><\/svg><\/button>\n\t\t\t\t\t\t\t<div class=\"wp-block-navigation__responsive-container-content\" \n\t\t\t\tdata-wp-watch=\"callbacks.focusFirstElement\"\n\t\t\t id=\"modal-1-content\">\n\t\t\t\t\t\t\t\t<ul class=\"wp-block-navigation__container is-responsive items-justified-right is-vertical wp-block-navigation\"><li class=\" wp-block-navigation-item wp-block-navigation-link\"><a class=\"wp-block-navigation-item__content\"  href=\"https:\/\/sinerji-as.com\/?page_id=155\"><span class=\"wp-block-navigation-item__label\">Filtre Kartonlar\u0131<\/span><\/a><\/li><li class=\" wp-block-navigation-item wp-block-navigation-link\"><a class=\"wp-block-navigation-item__content\"  href=\"https:\/\/sinerji-as.com\/?page_id=164\"><span class=\"wp-block-navigation-item__label\">Filtrasyon Yard\u0131mc\u0131 \u00dcr\u00fcnleri<\/span><\/a><\/li><li class=\" wp-block-navigation-item wp-block-navigation-link\"><a class=\"wp-block-navigation-item__content\"  href=\"https:\/\/sinerji-as.com\/?page_id=173\"><span class=\"wp-block-navigation-item__label\">Membran Filtre Kartu\u015flar<\/span><\/a><\/li><li class=\" wp-block-navigation-item wp-block-navigation-link\"><a class=\"wp-block-navigation-item__content\"  href=\"https:\/\/sinerji-as.com\/?page_id=177\"><span class=\"wp-block-navigation-item__label\">Derin Filtre Kartu\u015flar\u0131<\/span><\/a><\/li><li class=\" wp-block-navigation-item wp-block-navigation-link\"><a class=\"wp-block-navigation-item__content\"  href=\"https:\/\/sinerji-as.com\/?page_id=203\"><span class=\"wp-block-navigation-item__label\">Plakal\u0131 Filtreler<\/span><\/a><\/li><li class=\" wp-block-navigation-item wp-block-navigation-link\"><a class=\"wp-block-navigation-item__content\"  href=\"https:\/\/sinerji-as.com\/?page_id=212\"><span class=\"wp-block-navigation-item__label\">Kizelgur Filtre<\/span><\/a><\/li><li class=\" wp-block-navigation-item wp-block-navigation-link\"><a class=\"wp-block-navigation-item__content\"  href=\"https:\/\/sinerji-as.com\/?page_id=218\"><span class=\"wp-block-navigation-item__label\">Vakumlu Tambur Filtre<\/span><\/a><\/li><\/ul>\n\t\t\t\t\t\t\t<\/div>\n\t\t\t\t\t\t<\/div>\n\t\t\t\t\t<\/div>\n\t\t\t\t<\/div><\/nav><\/div>\n<\/div>\n<\/div>\n<\/div>\n","protected":false},"excerpt":{"rendered":"<p>Meyve suyu konsantresi \u00fcretiminde kullan\u0131lan \u00fcr\u00fcnlerimizden, Filtre Kartonlar\u0131, Enzimler, Durultma ve Stabilizasyon \u00fcr\u00fcnleri a\u015fa\u011f\u0131da listelenmi\u015ftir. \u00dcr\u00fcnlere ait Teknik Bilgi ve Malzeme G\u00fcvenlik Bilgi Dok\u00fcmanlar\u0131na bu sayfadan ula\u015fabilirsiniz. \u00dcr\u00fcnler hakk\u0131nda daha detayl\u0131 bilgi i\u00e7in l\u00fctfen bizimle irtibata ge\u00e7iniz. info@sinerji-as.com Meyve suyu \u00fcretiminde kullan\u0131lan Meyve S\u0131kma Presleri, Sap Ay\u0131rma, Filtreler, Pompalarla ilgili bilgilere a\u015fa\u011f\u0131daki linklerden ula\u015fabilirsiniz. Meyve [&hellip;]<\/p>\n","protected":false},"author":1,"featured_media":0,"parent":420,"menu_order":0,"comment_status":"closed","ping_status":"closed","template":"page-with-sidebar","meta":{"footnotes":""},"class_list":["post-75","page","type-page","status-publish","hentry"],"_links":{"self":[{"href":"https:\/\/sinerji-as.com\/index.php?rest_route=\/wp\/v2\/pages\/75","targetHints":{"allow":["GET"]}}],"collection":[{"href":"https:\/\/sinerji-as.com\/index.php?rest_route=\/wp\/v2\/pages"}],"about":[{"href":"https:\/\/sinerji-as.com\/index.php?rest_route=\/wp\/v2\/types\/page"}],"author":[{"embeddable":true,"href":"https:\/\/sinerji-as.com\/index.php?rest_route=\/wp\/v2\/users\/1"}],"replies":[{"embeddable":true,"href":"https:\/\/sinerji-as.com\/index.php?rest_route=%2Fwp%2Fv2%2Fcomments&post=75"}],"version-history":[{"count":14,"href":"https:\/\/sinerji-as.com\/index.php?rest_route=\/wp\/v2\/pages\/75\/revisions"}],"predecessor-version":[{"id":509,"href":"https:\/\/sinerji-as.com\/index.php?rest_route=\/wp\/v2\/pages\/75\/revisions\/509"}],"up":[{"embeddable":true,"href":"https:\/\/sinerji-as.com\/index.php?rest_route=\/wp\/v2\/pages\/420"}],"wp:attachment":[{"href":"https:\/\/sinerji-as.com\/index.php?rest_route=%2Fwp%2Fv2%2Fmedia&parent=75"}],"curies":[{"name":"wp","href":"https:\/\/api.w.org\/{rel}","templated":true}]}}