{"id":255,"date":"2024-03-26T16:27:49","date_gmt":"2024-03-26T13:27:49","guid":{"rendered":"https:\/\/sinerji-as.com\/?page_id=255"},"modified":"2024-08-12T13:15:55","modified_gmt":"2024-08-12T10:15:55","slug":"aktif-bentonit","status":"publish","type":"page","link":"https:\/\/sinerji-as.com\/?page_id=255","title":{"rendered":"Aktif Bentonit"},"content":{"rendered":"\n<div class=\"wp-block-group alignwide has-accent-4-background-color has-background is-layout-flow wp-block-group-is-layout-flow\">\n<p>Bentonit, meyve suyu, \u015farap vb protein i\u00e7eren i\u00e7eceklerin durultmas\u0131nda kullan\u0131lan temel durultma malzemelerinden biridir. Bentonit, \u00e7o\u011fu zaman jelatin ve silikasol (Levasil) kombinasyonu ile daha iyi sonu\u00e7lar verir.<br>Durultma ve stabilizasyon i\u00e7in kullan\u0131lacak bentonit miktar\u0131n\u0131n \u00f6n testlerle tesbit edilmesi gerekir.<\/p>\n\n\n\n<h4 class=\"wp-block-heading\"><br>Konuyla ilgili d\u00f6k\u00fcmanlar<\/h4>\n\n\n\n<p>&#8211; Begerow &#8211; <a href=\"\/files\/3dc3966e-31ab-431c-b996-25eba3711717.pdf\">Bentonit ve uygulamalar\u0131 hakk\u0131nda bilgiler<\/a><\/p>\n\n\n\n<p>&#8211; Novozymes &#8211; <a href=\"\/files\/fe9ea018-7a61-451e-a344-d27b9312f2e8.pdf\">Meyve suyu konsantresi \u00fcretimi<\/a><br><title>Responsive Table<\/title><\/p>\n\n\n\n<!DOCTYPE html>\n<html lang=\"en\">\n<head>\n<meta charset=\"UTF-8\">\n<meta name=\"viewport\" content=\"width=device-width, initial-scale=1.0\">\n<title>Responsive Table<\/title>\n<style>\n    \/* Basic reset *\/\n    *, *::before, *::after {\n        box-sizing: border-box;\n    }\n\n    \/* Container for the table to make it scrollable on small screens *\/\n    .table-responsive {\n        overflow-x: auto;\n    }\n\n    \/* Styles for the table *\/\n    table {\n        width: 100%;\n        border-collapse: collapse;\n    }\n    table, th, td {\n        border: 1px solid #ddd;\n    }\n    th, td {\n        text-align: left;\n        padding: 8px;\n    }\n    th {\n        background-color: #f2f2f2;\n    }\n    tr:nth-child(even) {\n        background-color: #f9f9f9;\n    }\n<\/style>\n<\/head>\n<body>\n<div class=\"content-full\" id=\"ctl00_ContentWrapper\">\n <div class=\"banner\">\n <\/div>\n <div class=\"page-content-full\" id=\"ctl00_PageContent\">\n  <div id=\"ctl00_ContainerBody_ctl00\">\n   <div id=\"ctl00_ContainerBody_ctl01\">\n    <table align=\"center\" border=\"0\" cellpadding=\"0\" cellspacing=\"0\" class=\"tablo_stil\">\n     <tbody>\n      <tr class=\"Tablo_Basligi_Zemin\">\n       <td class=\"tablo_basligi\" colspan=\"4\">\n        <h3>\n         Aktif Bentonit \u00c7e\u015fitleri\n        <\/h3>\n       <\/td>\n      <\/tr>\n      <tr>\n       <td class=\"tablo_stil\" rowspan=\"4\" width=\"180\">\n        Aktif Bentonit\n       <\/td>\n       <td class=\"tablo_stil\" width=\"275\">\n        SIHA Active Bentonite G\n       <\/td>\n       <td class=\"tablo_stil\" width=\"155\">\n        <p>\n         <a href=\"..\/..\/files\/62bdcbe8-4b7e-4ac2-9581-5f4428ef2b33.pdf\">\n          TeknikBilgi(T\u00fcrk\u00e7e)\n         <\/a>\n        <\/p>\n        <p>\n         <a href=\"..\/..\/files\/6e620205-c964-454c-8b80-b0e22fdf26dd.pdf\">\n          Teknik Bilgi (Ing.)\n         <\/a>\n        <\/p>\n       <\/td>\n       <td class=\"tablo_stil\" width=\"48\">\n        MSDS\n       <\/td>\n      <\/tr>\n      <tr>\n       <td class=\"tablo_stil\">\n        SIHA Ca-Bentonite G\n       <\/td>\n       <td class=\"tablo_stil\">\n        <a href=\"..\/..\/files\/3b441b7e-aaa8-4e18-9ee6-6e1b9ee15ea9.pdf\">\n         Teknik Bilgi (Ing.)\n        <\/a>\n       <\/td>\n       <td class=\"tablo_stil\">\n        MSDS\n       <\/td>\n      <\/tr>\n      <tr>\n       <td class=\"tablo_stil\">\n        SIHA Puranit\n       <\/td>\n       <td class=\"tablo_stil\">\n        <p>\n         <a href=\"..\/..\/files\/dc09ed22-55be-447e-9904-524361bdd67f.pdf\">\n          Teknik Bilgi (T\u00fcrk\u00e7e)\n         <\/a>\n        <\/p>\n        <p>\n         <a href=\"..\/..\/files\/dc09ed22-55be-447e-9904-524361bdd67f.pdf\" target=\"_blank\" rel=\"noopener\">\n          Teknik Bilgi (Ing.)\n         <\/a>\n        <\/p>\n       <\/td>\n       <td class=\"tablo_stil\">\n        MSDS\n       <\/td>\n      <\/tr>\n      <tr>\n       <td class=\"tablo_stil\">\n        SIHA Puranit UF\n       <\/td>\n       <td class=\"tablo_stil\">\n        <a href=\"..\/..\/files\/6929b05c-85aa-4841-9dd6-cf87b45456d8.pdf\">\n         Teknik Bilgi (Ing.)\n        <\/a>\n       <\/td>\n       <td class=\"tablo_stil\">\n        MSDS\n       <\/td>\n      <\/tr>\n     <\/tbody>\n    <\/table>\n   <\/div>\n  <\/div>\n <\/div>\n <div class=\"clear\">\n <\/div>\n<\/div>\n<\/body>\n<\/html>\n\n\n\n<p><strong>MSDS:<\/strong>&nbsp;Material Safety Data Sheet<\/p>\n<\/div>\n","protected":false},"excerpt":{"rendered":"<p>Bentonit, meyve suyu, \u015farap vb protein i\u00e7eren i\u00e7eceklerin durultmas\u0131nda kullan\u0131lan temel durultma malzemelerinden biridir. Bentonit, \u00e7o\u011fu zaman jelatin ve silikasol (Levasil) kombinasyonu ile daha iyi sonu\u00e7lar verir.Durultma ve stabilizasyon i\u00e7in kullan\u0131lacak bentonit miktar\u0131n\u0131n \u00f6n testlerle tesbit edilmesi gerekir. Konuyla ilgili d\u00f6k\u00fcmanlar &#8211; Begerow &#8211; Bentonit ve uygulamalar\u0131 hakk\u0131nda bilgiler &#8211; Novozymes &#8211; Meyve suyu konsantresi [&hellip;]<\/p>\n","protected":false},"author":1,"featured_media":0,"parent":9,"menu_order":0,"comment_status":"closed","ping_status":"closed","template":"page-product","meta":{"footnotes":""},"class_list":["post-255","page","type-page","status-publish","hentry"],"_links":{"self":[{"href":"https:\/\/sinerji-as.com\/index.php?rest_route=\/wp\/v2\/pages\/255","targetHints":{"allow":["GET"]}}],"collection":[{"href":"https:\/\/sinerji-as.com\/index.php?rest_route=\/wp\/v2\/pages"}],"about":[{"href":"https:\/\/sinerji-as.com\/index.php?rest_route=\/wp\/v2\/types\/page"}],"author":[{"embeddable":true,"href":"https:\/\/sinerji-as.com\/index.php?rest_route=\/wp\/v2\/users\/1"}],"replies":[{"embeddable":true,"href":"https:\/\/sinerji-as.com\/index.php?rest_route=%2Fwp%2Fv2%2Fcomments&post=255"}],"version-history":[{"count":7,"href":"https:\/\/sinerji-as.com\/index.php?rest_route=\/wp\/v2\/pages\/255\/revisions"}],"predecessor-version":[{"id":578,"href":"https:\/\/sinerji-as.com\/index.php?rest_route=\/wp\/v2\/pages\/255\/revisions\/578"}],"up":[{"embeddable":true,"href":"https:\/\/sinerji-as.com\/index.php?rest_route=\/wp\/v2\/pages\/9"}],"wp:attachment":[{"href":"https:\/\/sinerji-as.com\/index.php?rest_route=%2Fwp%2Fv2%2Fmedia&parent=255"}],"curies":[{"name":"wp","href":"https:\/\/api.w.org\/{rel}","templated":true}]}}