{"id":237,"date":"2024-03-26T15:47:21","date_gmt":"2024-03-26T12:47:21","guid":{"rendered":"https:\/\/sinerji-as.com\/?page_id=237"},"modified":"2024-07-24T13:41:41","modified_gmt":"2024-07-24T10:41:41","slug":"aktif-kuru-mayalar-ve-besinleri","status":"publish","type":"page","link":"https:\/\/sinerji-as.com\/?page_id=237","title":{"rendered":"Aktif Kuru Mayalar ve Besinleri"},"content":{"rendered":"\n<div class=\"wp-block-group has-global-padding is-layout-constrained wp-block-group-is-layout-constrained\">\n<p>Alkoll\u00fc i\u00e7eceklerin \u00fcretiminde kullan\u0131lan Aktif Kuru Maya ve Maya Besinleri \u00fcr\u00fcnlerimiz a\u015fa\u011f\u0131da listelenmi\u015ftir. \u00dcr\u00fcnlere ait Teknik Bilgi ve Malzeme G\u00fcvenlik Bilgi Dok\u00fcmanlar\u0131na da bu sayfadan ula\u015fabilirsiniz. \u00dcr\u00fcnler hakk\u0131nda daha detayl\u0131 bilgi i\u00e7in l\u00fctfen bizimle irtibata ge\u00e7iniz.<\/p>\n<\/div>\n\n\n<!DOCTYPE html>\n<html lang=\"en\">\n<head>\n<meta charset=\"UTF-8\">\n<meta name=\"viewport\" content=\"width=device-width, initial-scale=1.0\">\n<title>Responsive Table<\/title>\n<style>\n    \/* Basic reset *\/\n    *, *::before, *::after {\n        box-sizing: border-box;\n    }\n\n    \/* Container for the table to make it scrollable on small screens *\/\n    .table-responsive {\n        overflow-x: auto;\n    }\n\n    \/* Styles for the table *\/\n    table {\n        width: 100%;\n        border-collapse: collapse;\n    }\n    table, th, td {\n        border: 1px solid #ddd;\n    }\n    th, td {\n        text-align: left;\n        padding: 8px;\n    }\n    th {\n        background-color: #f2f2f2;\n    }\n    tr:nth-child(even) {\n        background-color: #f9f9f9;\n    }\n<\/style>\n<\/head>\n<body>\n<div class=\"content-full\" id=\"ctl00_ContentWrapper\">\n <div class=\"banner\">\n <\/div>\n <div class=\"page-content-full\" id=\"ctl00_PageContent\">\n  <div id=\"ctl00_ContainerBody_ctl00\">\n   <div id=\"ctl00_ContainerBody_ctl01\">\n    <table align=\"center\" border=\"0\" cellpadding=\"0\" cellspacing=\"0\" class=\"tablo_stil\">\n     <tbody>\n      <tr class=\"Tablo_Basligi_Zemin\">\n       <td class=\"tablo_basligi\" colspan=\"5\">\n        <h4>\n         \u00dcr\u00fcnler\n        <\/h4>\n       <\/td>\n      <\/tr>\n      <tr>\n       <td class=\"tablo_stil\" colspan=\"5\" height=\"43\">\n        Genel Bilgiler\n        <br\/>\n        -Aktif Kuru Maya Kullan\u0131m Rehberi T\u00fcrk\u00e7e (Ing.)\n        <br\/>\n        -Maya Besini Kullan\u0131m\u0131 (Ing.)\n       <\/td>\n      <\/tr>\n      <tr>\n       <td class=\"tablo_stil\" rowspan=\"12\" width=\"60\">\n        Siha\n       <\/td>\n       <td class=\"tablo_stil\" width=\"345\">\n        SIHA Active Yeast 2\n       <\/td>\n       <td class=\"tablo_stil\" width=\"43\">\n        <p align=\"left\">\n        <\/p>\n       <\/td>\n       <td class=\"tablo_stil\" width=\"155\">\n        <a href=\"..\/files\/57a2e8d1-720e-465e-913a-3c1b44c42a81.pdf\" target=\"_blank\" rel=\"noopener\">\n         Teknik Bilgi (Ing.)\n        <\/a>\n       <\/td>\n       <td class=\"tablo_stil\" width=\"48\">\n        MSDS\n       <\/td>\n      <\/tr>\n      <tr>\n       <td class=\"tablo_stil\" width=\"345\">\n        SIHA Active Yeast 3\n       <\/td>\n       <td class=\"tablo_stil\" width=\"43\">\n        <p align=\"left\">\n        <\/p>\n       <\/td>\n       <td class=\"tablo_stil\">\n        <a href=\"..\/files\/c8b1a1e7-fdfe-466d-816d-37244a2920ae.pdf\" target=\"_blank\" rel=\"noopener\">\n         Teknik Bilgi (Ing.)\n        <\/a>\n       <\/td>\n       <td class=\"tablo_stil\" width=\"48\">\n        MSDS\n       <\/td>\n      <\/tr>\n      <tr>\n       <td class=\"tablo_stil\" width=\"345\">\n        SIHA Active Yeast 4\n       <\/td>\n       <td class=\"tablo_stil\" width=\"43\">\n        <p align=\"left\">\n        <\/p>\n       <\/td>\n       <td class=\"tablo_stil\">\n        <a href=\"..\/files\/cb5df281-9a32-4023-a3e5-45426e423998.pdf\" target=\"_blank\" rel=\"noopener\">\n         Teknik Bilgi (Ing.)\n        <\/a>\n       <\/td>\n       <td class=\"tablo_stil\" width=\"48\">\n        MSDS\n       <\/td>\n      <\/tr>\n      <tr>\n       <td class=\"tablo_stil\" width=\"345\">\n        SIHA Active Yeast 5\n       <\/td>\n       <td class=\"tablo_stil\" width=\"43\">\n        <p align=\"left\">\n        <\/p>\n       <\/td>\n       <td class=\"tablo_stil\">\n        <a href=\"..\/files\/eb07ba38-cd57-47ba-9831-2f466a62799d.pdf\" target=\"_blank\" rel=\"noopener\">\n         Teknik Bilgi (Ing.)\n        <\/a>\n       <\/td>\n       <td class=\"tablo_stil\" width=\"48\">\n        MSDS\n       <\/td>\n      <\/tr>\n      <tr>\n       <td class=\"tablo_stil\" width=\"345\">\n        SIHA Active Yeast 6 (Distillery Yeast)\n       <\/td>\n       <td class=\"tablo_stil\" width=\"43\">\n        <p align=\"left\">\n        <\/p>\n       <\/td>\n       <td class=\"tablo_stil\">\n        <a href=\"..\/files\/d6986154-9d90-4b84-9999-5c854085b91e.pdf\" target=\"_blank\" rel=\"noopener\">\n         Teknik Bilgi (Ing.)\n        <\/a>\n       <\/td>\n       <td class=\"tablo_stil\" width=\"48\">\n        MSDS\n       <\/td>\n      <\/tr>\n      <tr>\n       <td class=\"tablo_stil\" width=\"345\">\n        SIHA Active Yeast 7 (Riesling Yeast)\n       <\/td>\n       <td class=\"tablo_stil\" width=\"43\">\n       <\/td>\n       <td class=\"tablo_stil\">\n        <p>\n         <a href=\"..\/files\/4ea1bc2e-85c6-44b2-a1fb-f59167fb3f4f.pdf\" target=\"_blank\" rel=\"noopener\">\n          Teknik Bilgi (T\u00fcrk\u00e7e)\n         <\/a>\n        <\/p>\n        <p>\n         <a href=\"..\/files\/8c56c4cb-be58-47de-a115-64f8e2283ac3.pdf\" target=\"_blank\" rel=\"noopener\">\n          Teknik Bilgi (Ing.)\n         <\/a>\n        <\/p>\n       <\/td>\n       <td class=\"tablo_stil\" width=\"48\">\n        MSDS\n       <\/td>\n      <\/tr>\n      <tr>\n       <td class=\"tablo_stil\" width=\"345\">\n        SIHA Active Yeast 8 (Burgunder Yeast)\n       <\/td>\n       <td class=\"tablo_stil\" width=\"43\">\n        <p align=\"left\">\n        <\/p>\n       <\/td>\n       <td class=\"tablo_stil\">\n        <p>\n         <a href=\"..\/files\/8e51c57f-8a63-4eef-96d1-a12e4b34c72e.pdf\" target=\"_blank\" rel=\"noopener\">\n          Teknik Bilgi (T\u00fcrk\u00e7e)\n         <\/a>\n        <\/p>\n        <p>\n         <a href=\"..\/files\/c8206e6d-fdfa-46c6-ab51-170635ab08a1.pdf\" target=\"_blank\" rel=\"noopener\">\n          Teknik Bilgi (Ing.)\n         <\/a>\n        <\/p>\n       <\/td>\n       <td class=\"tablo_stil\" width=\"48\">\n        MSDS\n       <\/td>\n      <\/tr>\n      <tr>\n       <td class=\"tablo_stil\" width=\"345\">\n        Varioferm\n       <\/td>\n       <td class=\"tablo_stil\" width=\"43\">\n       <\/td>\n       <td class=\"tablo_stil\">\n        <a href=\"..\/files\/6dd3b31d-fc3d-430a-92a5-5404519e2c7b.pdf\" target=\"_blank\" rel=\"noopener\">\n         Teknik Bilgi (Ing.)\n        <\/a>\n       <\/td>\n       <td class=\"tablo_stil\" width=\"48\">\n        MSDS\n       <\/td>\n      <\/tr>\n      <tr>\n       <td class=\"tablo_stil\" width=\"345\">\n        SIHA Cryarome\n       <\/td>\n       <td class=\"tablo_stil\" width=\"43\">\n        <p align=\"left\">\n        <\/p>\n       <\/td>\n       <td class=\"tablo_stil\">\n        <a href=\"..\/files\/d2edf02c-b408-42ba-af08-487ea4356a97.pdf\" target=\"_blank\" rel=\"noopener\">\n         Teknik Bilgi (Ing.)\n        <\/a>\n       <\/td>\n       <td class=\"tablo_stil\" width=\"48\">\n        MSDS\n       <\/td>\n      <\/tr>\n      <tr>\n       <td class=\"tablo_stil\" width=\"345\">\n        SIHA Destarome\n       <\/td>\n       <td class=\"tablo_stil\" width=\"43\">\n       <\/td>\n       <td class=\"tablo_stil\">\n        <a href=\"..\/files\/7b94ff2e-f87c-4a05-a9cf-ea95ca353fcc.pdf\" target=\"_blank\" rel=\"noopener\">\n         Teknik Bilgi (Ing.)\n        <\/a>\n       <\/td>\n       <td class=\"tablo_stil\" width=\"48\">\n        MSDS\n       <\/td>\n      <\/tr>\n      <tr>\n       <td class=\"tablo_stil\" width=\"345\">\n        SIHA Active Yeast 10 (Red Roman)\n       <\/td>\n       <td class=\"tablo_stil\" width=\"43\">\n       <\/td>\n       <td class=\"tablo_stil\">\n        <p>\n         <a href=\"..\/files\/8804bca5-fa11-4429-bc93-dc0755bc6d42.pdf\" target=\"_blank\" rel=\"noopener\">\n          Teknik Bilgi (T\u00fcrk\u00e7e)\n         <\/a>\n        <\/p>\n        <p>\n         <a href=\"..\/files\/0db42c0a-9dc9-4786-846b-8b4742f1700a.pdf\" target=\"_blank\" rel=\"noopener\">\n          Teknik Bilgi (Ing.)\n         <\/a>\n        <\/p>\n       <\/td>\n       <td class=\"tablo_stil\" width=\"48\">\n        MSDS\n       <\/td>\n      <\/tr>\n      <tr>\n       <td class=\"tablo_stil\" width=\"345\">\n        Conferm Uni V\n       <\/td>\n       <td class=\"tablo_stil\" width=\"43\">\n       <\/td>\n       <td class=\"tablo_stil\">\n        <a href=\"..\/files\/f63ed741-c76b-45c3-b59f-dc0241581c10.pdf\">\n         Teknik Bilgi\u00a0(Ing.)\n        <\/a>\n       <\/td>\n       <td class=\"tablo_stil\" width=\"48\">\n        MSDS\n       <\/td>\n      <\/tr>\n      <tr>\n       <td class=\"tablo_stil\" colspan=\"5\">\n       <\/td>\n      <\/tr>\n      <tr>\n       <td class=\"tablo_stil\" rowspan=\"9\" width=\"60\">\n        Uvaferm\n       <\/td>\n       <td class=\"tablo_stil\" width=\"345\">\n        Uvaferm CM\n       <\/td>\n       <td class=\"tablo_stil\" width=\"43\">\n        <p align=\"left\">\n        <\/p>\n       <\/td>\n       <td class=\"tablo_stil\">\n        <a href=\"..\/files\/eb6c6365-0a1d-47db-8873-f97b369e5840.pdf\" target=\"_blank\" rel=\"noopener\">\n         Teknik Bilgi (Ing.)\n        <\/a>\n       <\/td>\n       <td class=\"tablo_stil\" width=\"48\">\n        MSDS\n       <\/td>\n      <\/tr>\n      <tr>\n       <td class=\"tablo_stil\" width=\"345\">\n        Uvaferm CEG\n       <\/td>\n       <td class=\"tablo_stil\" width=\"43\">\n       <\/td>\n       <td class=\"tablo_stil\">\n        <a href=\"..\/files\/9903835c-857e-4789-8f8f-0e76ca5405db.pdf\" target=\"_blank\" rel=\"noopener\">\n         Teknik Bilgi (Ing.)\n        <\/a>\n       <\/td>\n       <td class=\"tablo_stil\" width=\"48\">\n        MSDS\n       <\/td>\n      <\/tr>\n      <tr>\n       <td class=\"tablo_stil\" width=\"345\">\n        Uvaferm PM\n       <\/td>\n       <td class=\"tablo_stil\" width=\"43\">\n        <p align=\"left\">\n        <\/p>\n       <\/td>\n       <td class=\"tablo_stil\">\n        <a href=\"..\/files\/849547ed-cb2f-4192-b57d-07d92f6c662c.pdf\" target=\"_blank\" rel=\"noopener\">\n         Teknik Bilgi (Ing.)\n        <\/a>\n       <\/td>\n       <td class=\"tablo_stil\" width=\"48\">\n        MSDS\n       <\/td>\n      <\/tr>\n      <tr>\n       <td class=\"tablo_stil\" width=\"345\">\n        Uvaferm 228\n       <\/td>\n       <td class=\"tablo_stil\" width=\"43\">\n        <p align=\"left\">\n        <\/p>\n       <\/td>\n       <td class=\"tablo_stil\">\n        <a href=\"..\/files\/4b082fca-5110-443c-92fe-e23276079003.pdf\" target=\"_blank\" rel=\"noopener\">\n         Teknik Bilgi (Ing.)\n        <\/a>\n       <\/td>\n       <td class=\"tablo_stil\" width=\"48\">\n        MSDS\n       <\/td>\n      <\/tr>\n      <tr>\n       <td class=\"tablo_stil\" width=\"345\">\n        Uvaferm 299\n       <\/td>\n       <td class=\"tablo_stil\" width=\"43\">\n        <p align=\"left\">\n        <\/p>\n       <\/td>\n       <td class=\"tablo_stil\">\n        <a href=\"..\/files\/e6b481b9-24b5-4505-a26e-1cabb38fa8bd.pdf\" target=\"_blank\" rel=\"noopener\">\n         Teknik Bilgi (Ing.)\n        <\/a>\n       <\/td>\n       <td class=\"tablo_stil\" width=\"48\">\n        MSDS\n       <\/td>\n      <\/tr>\n      <tr>\n       <td class=\"tablo_stil\" width=\"345\">\n        Uvaferm BDX\n       <\/td>\n       <td class=\"tablo_stil\" width=\"43\">\n        <p align=\"left\">\n        <\/p>\n       <\/td>\n       <td class=\"tablo_stil\">\n        <a href=\"..\/files\/d9411e8d-53ef-4e35-837b-b87e00cfe2da.pdf\" target=\"_blank\" rel=\"noopener\">\n         Teknik Bilgi (Ing.)\n        <\/a>\n       <\/td>\n       <td class=\"tablo_stil\" width=\"48\">\n        MSDS\n       <\/td>\n      <\/tr>\n      <tr>\n       <td class=\"tablo_stil\" width=\"345\">\n        Uvaferm NEM\n       <\/td>\n       <td class=\"tablo_stil\" width=\"43\">\n        <p align=\"left\">\n        <\/p>\n       <\/td>\n       <td class=\"tablo_stil\">\n        <a href=\"..\/files\/b534a510-e9b8-495a-9712-383bc8aaf421.pdf\" target=\"_blank\" rel=\"noopener\">\n         Teknik Bilgi (Ing.)\n        <\/a>\n       <\/td>\n       <td class=\"tablo_stil\" width=\"48\">\n        MSDS\n       <\/td>\n      <\/tr>\n      <tr>\n       <td class=\"tablo_stil\" width=\"345\">\n        Uvaferm SLO\n       <\/td>\n       <td class=\"tablo_stil\" width=\"43\">\n        <p align=\"left\">\n        <\/p>\n       <\/td>\n       <td class=\"tablo_stil\">\n        <a href=\"..\/files\/70355dfe-e486-411c-9e37-4bf18ce3a491.pdf\">\n         Teknik Bilgi (Ing.)\n        <\/a>\n       <\/td>\n       <td class=\"tablo_stil\" width=\"48\">\n        MSDS\n       <\/td>\n      <\/tr>\n      <tr>\n       <td class=\"tablo_stil\" width=\"345\">\n        Uvaferm GHM\n       <\/td>\n       <td class=\"tablo_stil\" width=\"43\">\n        <p align=\"left\">\n        <\/p>\n       <\/td>\n       <td class=\"tablo_stil\">\n        <a href=\"..\/files\/d8652515-36e3-4fbe-a3d9-bbc4b71e4c79.pdf\">\n         Teknik Bilgi (Ing.)\n        <\/a>\n       <\/td>\n       <td class=\"tablo_stil\" width=\"48\">\n        <p align=\"left\">\n         MSDS\n        <\/p>\n       <\/td>\n      <\/tr>\n      <tr>\n       <td class=\"tablo_stil\" colspan=\"5\">\n       <\/td>\n      <\/tr>\n      <tr>\n       <td class=\"tablo_stil\" rowspan=\"19\" width=\"60\">\n        Lalvin\n       <\/td>\n       <td class=\"tablo_stil\" width=\"345\">\n        LALVIN V\n       <\/td>\n       <td class=\"tablo_stil\" width=\"43\">\n        <p align=\"left\">\n        <\/p>\n       <\/td>\n       <td class=\"tablo_stil\">\n        <a href=\"..\/files\/afa20da4-3818-4d1a-b96d-12e6a36392ee.pdf\" target=\"_blank\" rel=\"noopener\">\n         Teknik Bilgi (Ing.)\n        <\/a>\n       <\/td>\n       <td class=\"tablo_stil\" width=\"48\">\n        MSDS\n       <\/td>\n      <\/tr>\n      <tr>\n       <td class=\"tablo_stil\" width=\"345\">\n        LALVIN C\n       <\/td>\n       <td class=\"tablo_stil\" width=\"43\">\n        <p align=\"left\">\n        <\/p>\n       <\/td>\n       <td class=\"tablo_stil\">\n        <a href=\"..\/files\/fd37d3c3-010c-43c8-bd85-a50e761bbef1.pdf\" target=\"_blank\" rel=\"noopener\">\n         Teknik Bilgi (Ing.)\n        <\/a>\n       <\/td>\n       <td class=\"tablo_stil\" width=\"48\">\n        MSDS\n       <\/td>\n      <\/tr>\n      <tr>\n       <td class=\"tablo_stil\" width=\"345\">\n        LALVIN E (EC-1118)\n       <\/td>\n       <td class=\"tablo_stil\" width=\"43\">\n        <p align=\"left\">\n        <\/p>\n       <\/td>\n       <td class=\"tablo_stil\">\n        <a href=\"..\/files\/20e603ad-0192-42f7-aba0-81ec7e58c0e3.pdf\" target=\"_blank\" rel=\"noopener\">\n         Teknik Bilgi (Ing.)\n        <\/a>\n       <\/td>\n       <td class=\"tablo_stil\" width=\"48\">\n        MSDS\n       <\/td>\n      <\/tr>\n      <tr>\n       <td class=\"tablo_stil\" width=\"345\">\n        LALVIN W\n       <\/td>\n       <td class=\"tablo_stil\" width=\"43\">\n        <p align=\"left\">\n        <\/p>\n       <\/td>\n       <td class=\"tablo_stil\">\n        <a href=\"..\/files\/e5e56b34-e95c-46eb-9c57-6fb96b76b365.pdf\" target=\"_blank\" rel=\"noopener\">\n         Teknik Bilgi (Ing.)\n        <\/a>\n       <\/td>\n       <td class=\"tablo_stil\" width=\"48\">\n        MSDS\n       <\/td>\n      <\/tr>\n      <tr>\n       <td class=\"tablo_stil\" width=\"345\">\n        LALVIN 71B\n       <\/td>\n       <td class=\"tablo_stil\" width=\"43\">\n        <p align=\"left\">\n        <\/p>\n       <\/td>\n       <td class=\"tablo_stil\">\n        <a href=\"..\/files\/90393b5d-388c-45cf-a0b9-3780b005bc0c.pdf\" target=\"_blank\" rel=\"noopener\">\n         Teknik Bilgi (Ing.)\n        <\/a>\n       <\/td>\n       <td class=\"tablo_stil\" width=\"48\">\n        MSDS\n       <\/td>\n      <\/tr>\n      <tr>\n       <td class=\"tablo_stil\" width=\"345\">\n        LALVIN S6U\n       <\/td>\n       <td class=\"tablo_stil\" width=\"43\">\n       <\/td>\n       <td class=\"tablo_stil\">\n        <a href=\"..\/files\/86ea6b6f-3655-426f-beee-e0f4fd063129.pdf\" target=\"_blank\" rel=\"noopener\">\n         Teknik Bilgi (Ing.)\n        <\/a>\n       <\/td>\n       <td class=\"tablo_stil\" width=\"48\">\n        MSDS\n       <\/td>\n      <\/tr>\n      <tr>\n       <td class=\"tablo_stil\" width=\"345\">\n        LALVIN L-2056\n       <\/td>\n       <td class=\"tablo_stil\" width=\"43\">\n        <p align=\"left\">\n        <\/p>\n       <\/td>\n       <td class=\"tablo_stil\">\n        <a href=\"..\/files\/15e8f3e0-f587-46d5-b1e8-f76ab75489b5.pdf\" target=\"_blank\" rel=\"noopener\">\n         Teknik Bilgi (Ing.)\n        <\/a>\n       <\/td>\n       <td class=\"tablo_stil\" width=\"48\">\n        MSDS\n       <\/td>\n      <\/tr>\n      <tr>\n       <td class=\"tablo_stil\" width=\"345\">\n        LALVIN D47\n       <\/td>\n       <td class=\"tablo_stil\" width=\"43\">\n        <p align=\"left\">\n        <\/p>\n       <\/td>\n       <td class=\"tablo_stil\">\n        <a href=\"..\/files\/045a8b93-28e8-435f-94e2-bf7db7d73b04.pdf\" target=\"_blank\" rel=\"noopener\">\n         Teknik Bilgi (Ing.)\n        <\/a>\n       <\/td>\n       <td class=\"tablo_stil\" width=\"48\">\n        MSDS\n       <\/td>\n      <\/tr>\n      <tr>\n       <td class=\"tablo_stil\" width=\"345\">\n        <p align=\"left\">\n         LALVIN R2\n        <\/p>\n       <\/td>\n       <td class=\"tablo_stil\" width=\"43\">\n        <p align=\"left\">\n        <\/p>\n       <\/td>\n       <td class=\"tablo_stil\">\n        <a href=\"..\/files\/ff1b7d67-d228-489c-9fba-55e3e3f46a58.pdf\" target=\"_blank\" rel=\"noopener\">\n         Teknik Bilgi (Ing.)\n        <\/a>\n       <\/td>\n       <td class=\"tablo_stil\" width=\"48\">\n        MSDS\n       <\/td>\n      <\/tr>\n      <tr>\n       <td class=\"tablo_stil\" width=\"345\">\n        LALVIN CY 3079\n       <\/td>\n       <td class=\"tablo_stil\" width=\"43\">\n        <p align=\"left\">\n        <\/p>\n       <\/td>\n       <td class=\"tablo_stil\">\n        <a href=\"..\/files\/f0bed967-5520-4bba-a8a5-e23721dce3ad.pdf\" target=\"_blank\" rel=\"noopener\">\n         Teknik Bilgi (Ing.)\n        <\/a>\n       <\/td>\n       <td class=\"tablo_stil\" width=\"48\">\n        MSDS\n       <\/td>\n      <\/tr>\n      <tr>\n       <td class=\"tablo_stil\" width=\"345\">\n        LALVIN W 15\n       <\/td>\n       <td class=\"tablo_stil\" width=\"43\">\n        <p align=\"left\">\n        <\/p>\n       <\/td>\n       <td class=\"tablo_stil\">\n        <a href=\"..\/files\/4786a4aa-0e66-468a-9082-3c0b4e5fc67e.pdf\" target=\"_blank\" rel=\"noopener\">\n         Teknik Bilgi (Ing.)\n        <\/a>\n       <\/td>\n       <td class=\"tablo_stil\" width=\"48\">\n        MSDS\n       <\/td>\n      <\/tr>\n      <tr>\n       <td class=\"tablo_stil\" width=\"345\">\n        LALVIN DV10\n       <\/td>\n       <td class=\"tablo_stil\" width=\"43\">\n        <p align=\"left\">\n        <\/p>\n       <\/td>\n       <td class=\"tablo_stil\">\n        <a href=\"..\/files\/0186ec3c-e582-4f1b-b0ea-89a3fd9fe3b7.pdf\" target=\"_blank\" rel=\"noopener\">\n         Teknik Bilgi (Ing.)\n        <\/a>\n       <\/td>\n       <td class=\"tablo_stil\" width=\"48\">\n        MSDS\n       <\/td>\n      <\/tr>\n      <tr>\n       <td class=\"tablo_stil\" width=\"345\">\n        LALVIN ICVD254\n       <\/td>\n       <td class=\"tablo_stil\" width=\"43\">\n        <p align=\"left\">\n        <\/p>\n       <\/td>\n       <td class=\"tablo_stil\">\n        <a href=\"..\/files\/3a263e22-536f-4952-80ce-c3526b3c51d1.pdf\" target=\"_blank\" rel=\"noopener\">\n         Teknik Bilgi (Ing.)\n        <\/a>\n       <\/td>\n       <td class=\"tablo_stil\" width=\"48\">\n        MSDS\n       <\/td>\n      <\/tr>\n      <tr>\n       <td class=\"tablo_stil\" width=\"345\">\n        LALVIN RA17\n       <\/td>\n       <td class=\"tablo_stil\" width=\"43\">\n        <p align=\"left\">\n        <\/p>\n       <\/td>\n       <td class=\"tablo_stil\">\n        <a href=\"..\/files\/8fefa66e-62ac-49e1-9080-d26b07fa0041.pdf\" target=\"_blank\" rel=\"noopener\">\n         Teknik Bilgi (Ing.)\n        <\/a>\n       <\/td>\n       <td class=\"tablo_stil\" width=\"48\">\n        MSDS\n       <\/td>\n      <\/tr>\n      <tr>\n       <td class=\"tablo_stil\" width=\"345\">\n        LALVIN L2323\n       <\/td>\n       <td class=\"tablo_stil\" width=\"43\">\n        <p align=\"left\">\n        <\/p>\n       <\/td>\n       <td class=\"tablo_stil\">\n        <a href=\"..\/files\/1931d4e3-a92c-4f03-971b-640185285dad.pdf\" target=\"_blank\" rel=\"noopener\">\n         Teknik Bilgi (Ing.)\n        <\/a>\n       <\/td>\n       <td class=\"tablo_stil\" width=\"48\">\n        MSDS\n       <\/td>\n      <\/tr>\n      <tr>\n       <td class=\"tablo_stil\" width=\"345\">\n        LALVIN RC212\n       <\/td>\n       <td class=\"tablo_stil\" width=\"43\">\n        <p align=\"left\">\n        <\/p>\n       <\/td>\n       <td class=\"tablo_stil\">\n        <a href=\"..\/files\/b49bec93-3cf5-4e13-91b0-600ca1979c67.pdf\" target=\"_blank\" rel=\"noopener\">\n         Teknik Bilgi (Ing.)\n        <\/a>\n       <\/td>\n       <td class=\"tablo_stil\" width=\"48\">\n        MSDS\n       <\/td>\n      <\/tr>\n      <tr>\n       <td class=\"tablo_stil\" width=\"345\">\n        LALVIN QA 23\n       <\/td>\n       <td class=\"tablo_stil\" width=\"43\">\n        <p align=\"left\">\n        <\/p>\n       <\/td>\n       <td class=\"tablo_stil\">\n        <a href=\"..\/files\/02058f11-dbdc-40ef-ac06-24241e96167e.pdf\" target=\"_blank\" rel=\"noopener\">\n         Teknik Bilgi (Ing.)\n        <\/a>\n       <\/td>\n       <td class=\"tablo_stil\" width=\"48\">\n        MSDS\n       <\/td>\n      <\/tr>\n      <tr>\n       <td class=\"tablo_stil\" width=\"345\">\n        Cross Evolution\n       <\/td>\n       <td class=\"tablo_stil\" width=\"43\">\n        <p align=\"left\">\n        <\/p>\n       <\/td>\n       <td class=\"tablo_stil\">\n        <a href=\"..\/files\/e8a69b3b-ea86-47a5-aff7-aea5dfc66f31.pdf\" target=\"_blank\" rel=\"noopener\">\n         Teknik Bilgi (Ing.)\n        <\/a>\n       <\/td>\n       <td class=\"tablo_stil\" width=\"48\">\n        MSDS\n       <\/td>\n      <\/tr>\n      <tr>\n       <td class=\"tablo_stil\">\n        LALVIN BM 4X4\n       <\/td>\n       <td class=\"tablo_stil\">\n       <\/td>\n       <td class=\"tablo_stil\">\n        <a href=\"..\/files\/6553082f-cd31-45e0-8e08-8037fca5ea07.pdf\" target=\"_blank\" rel=\"noopener\">\n         Teknik Bilgi (Ing.)\n        <\/a>\n       <\/td>\n       <td class=\"tablo_stil\">\n        MSDS\n       <\/td>\n      <\/tr>\n     <\/tbody>\n    <\/table>\n    <p>\n    <\/p>\n    <p>\n    <\/p>\n    <table align=\"center\" border=\"0\" cellpadding=\"0\" cellspacing=\"0\" class=\"tablo_stil\">\n     <tbody>\n      <tr class=\"Tablo_Basligi_Zemin\">\n       <td class=\"tablo_basligi\" colspan=\"3\">\n        <h3>\n         Maya Besinleri\n        <\/h3>\n       <\/td>\n      <\/tr>\n      <tr>\n       <td class=\"tablo_stil\" width=\"446\">\n        SIHA Fermentation Salt\n       <\/td>\n       <td class=\"tablo_stil\" width=\"155\">\n        <a href=\"..\/files\/ec4455c9-950a-4279-aa56-01aa407d23ac.pdf\">\n         Teknik Bilgi (Ing.)\n        <\/a>\n       <\/td>\n       <td class=\"tablo_stil\" width=\"48\">\n        MSDS\n       <\/td>\n      <\/tr>\n      <tr>\n       <td class=\"tablo_stil\" width=\"446\">\n        SIHA Vitamin B1 Tablets\n       <\/td>\n       <td class=\"tablo_stil\" width=\"155\">\n        <a href=\"..\/files\/424910cd-ff01-4a20-aebe-c1c3659313e4.pdf\" target=\"_blank\" rel=\"noopener\">\n         Teknik Bilgi (Ing.)\n        <\/a>\n       <\/td>\n       <td class=\"tablo_stil\" width=\"48\">\n        MSDS\n       <\/td>\n      <\/tr>\n      <tr>\n       <td class=\"tablo_stil\" width=\"446\">\n        SIHA Fermenting Salt Plus\n       <\/td>\n       <td class=\"tablo_stil\" width=\"155\">\n        <a href=\"..\/files\/33350404-0a8c-4d1e-b2a6-60aefe2e819f.pdf\" target=\"_blank\" rel=\"noopener\">\n         Teknik Bilgi (Ing.)\n        <\/a>\n       <\/td>\n       <td class=\"tablo_stil\" width=\"48\">\n        MSDS\n       <\/td>\n      <\/tr>\n      <tr>\n       <td class=\"tablo_stil\" width=\"446\">\n        SIHA Proferm Plus\n       <\/td>\n       <td class=\"tablo_stil\" width=\"155\">\n        <a href=\"..\/files\/faa3fce2-f864-4230-aac8-e068e415348c.pdf\" target=\"_blank\" rel=\"noopener\">\n         Teknik Bilgi (Ing.)\n        <\/a>\n       <\/td>\n       <td class=\"tablo_stil\" width=\"48\">\n        MSDS\n        <br\/>\n        <br\/>\n       <\/td>\n      <\/tr>\n     <\/tbody>\n    <\/table>\n   <\/div>\n  <\/div>\n <\/div>\n <div class=\"clear\">\n <\/div>\n<\/div>\n<\/body>\n<\/html>\n\n\n<p><strong>MSDS:<\/strong>&nbsp;Material Safety Data Sheet<\/p>\n","protected":false},"excerpt":{"rendered":"<p>Alkoll\u00fc i\u00e7eceklerin \u00fcretiminde kullan\u0131lan Aktif Kuru Maya ve Maya Besinleri \u00fcr\u00fcnlerimiz a\u015fa\u011f\u0131da listelenmi\u015ftir. \u00dcr\u00fcnlere ait Teknik Bilgi ve Malzeme G\u00fcvenlik Bilgi Dok\u00fcmanlar\u0131na da bu sayfadan ula\u015fabilirsiniz. \u00dcr\u00fcnler hakk\u0131nda daha detayl\u0131 bilgi i\u00e7in l\u00fctfen bizimle irtibata ge\u00e7iniz. Responsive Table \u00dcr\u00fcnler Genel Bilgiler -Aktif Kuru Maya Kullan\u0131m Rehberi T\u00fcrk\u00e7e (Ing.) -Maya Besini Kullan\u0131m\u0131 (Ing.) Siha SIHA Active [&hellip;]<\/p>\n","protected":false},"author":1,"featured_media":0,"parent":9,"menu_order":0,"comment_status":"closed","ping_status":"closed","template":"page-product","meta":{"footnotes":""},"class_list":["post-237","page","type-page","status-publish","hentry"],"_links":{"self":[{"href":"https:\/\/sinerji-as.com\/index.php?rest_route=\/wp\/v2\/pages\/237","targetHints":{"allow":["GET"]}}],"collection":[{"href":"https:\/\/sinerji-as.com\/index.php?rest_route=\/wp\/v2\/pages"}],"about":[{"href":"https:\/\/sinerji-as.com\/index.php?rest_route=\/wp\/v2\/types\/page"}],"author":[{"embeddable":true,"href":"https:\/\/sinerji-as.com\/index.php?rest_route=\/wp\/v2\/users\/1"}],"replies":[{"embeddable":true,"href":"https:\/\/sinerji-as.com\/index.php?rest_route=%2Fwp%2Fv2%2Fcomments&post=237"}],"version-history":[{"count":3,"href":"https:\/\/sinerji-as.com\/index.php?rest_route=\/wp\/v2\/pages\/237\/revisions"}],"predecessor-version":[{"id":496,"href":"https:\/\/sinerji-as.com\/index.php?rest_route=\/wp\/v2\/pages\/237\/revisions\/496"}],"up":[{"embeddable":true,"href":"https:\/\/sinerji-as.com\/index.php?rest_route=\/wp\/v2\/pages\/9"}],"wp:attachment":[{"href":"https:\/\/sinerji-as.com\/index.php?rest_route=%2Fwp%2Fv2%2Fmedia&parent=237"}],"curies":[{"name":"wp","href":"https:\/\/api.w.org\/{rel}","templated":true}]}}