{"id":218,"date":"2024-03-26T14:40:50","date_gmt":"2024-03-26T11:40:50","guid":{"rendered":"https:\/\/sinerji-as.com\/?page_id=218"},"modified":"2024-07-24T12:15:17","modified_gmt":"2024-07-24T09:15:17","slug":"vakumlu-tambur-filtre","status":"publish","type":"page","link":"https:\/\/sinerji-as.com\/?page_id=218","title":{"rendered":"Vakumlu Tambur Filtre"},"content":{"rendered":"\n<div class=\"wp-block-group alignwide has-global-padding is-layout-constrained wp-block-group-is-layout-constrained\">\n<p>G\u0131da ve i\u00e7ecek sekt\u00f6r\u00fcnde bir \u00e7ok alanda kullan\u0131lan Vakumlu Tambur Filtrelerde Cadalpe firmas\u0131 ile i\u015fbirli\u011fi yapmaktay\u0131z. Kapasiteye g\u00f6re 2,7 ila 30 metrekare net filtrayon alan\u0131 alternatifleri mevcuttur.<\/p>\n\n\n\n<!DOCTYPE html>\n<html lang=\"en\">\n<head>\n<meta charset=\"UTF-8\">\n<meta name=\"viewport\" content=\"width=device-width, initial-scale=1.0\">\n<title>Responsive Table<\/title>\n<style>\n    \/* Basic reset *\/\n    *, *::before, *::after {\n        box-sizing: border-box;\n    }\n\n    \/* Container for the table to make it scrollable on small screens *\/\n    .table-responsive {\n        overflow-x: auto;\n    }\n\n    \/* Styles for the table *\/\n    table {\n        width: 100%;\n        border-collapse: collapse;\n    }\n    table, th, td {\n        border: 1px solid #ddd;\n    }\n    th, td {\n        text-align: left;\n        padding: 8px;\n    }\n    th {\n        background-color: #f2f2f2;\n    }\n    tr:nth-child(even) {\n        background-color: #f9f9f9;\n    }\n<\/style>\n<\/head>\n<body>\n<div class=\"content-full\" id=\"ctl00_ContentWrapper\">\n <div class=\"page-content-full\" id=\"ctl00_PageContent\">\n  <div id=\"ctl00_ContainerBody_ctl00\">\n   <div id=\"ctl00_ContainerBody_ctl01\">\n    <table align=\"center\" border=\"0\" cellpadding=\"0\" cellspacing=\"0\" class=\"tablo_stil\">\n     <tbody>\n      <tr class=\"Tablo_Basligi_Zemin\">\n       <td class=\"tablo_basligi\" colspan=\"4\">\n        <h4>\n         \u00dcr\u00fcnler\n        <\/h4>\n       <\/td>\n      <\/tr>\n      <tr>\n       <td class=\"tablo_stil\" rowspan=\"3\" width=\"161\">\n        Vakumlu Tambur Filtreler\n       <\/td>\n       <td class=\"tablo_stil\">\n        Cadalpe C 26 Vakumlu Tambur Filtre\n        <br\/>\n        2,7 &#8211; 5,4 metrekare\n       <\/td>\n       <td class=\"tablo_stil\">\n        <a href=\"..\/..\/files\/ef8f4da4-2e7c-436e-ae08-19980fb907b9.pdf\" target=\"_blank\" rel=\"noopener\">\n         Teknik Bilgi (\u0130ng.)\n        <\/a>\n       <\/td>\n       <td class=\"tablo_stil\">\n        MSDS\n       <\/td>\n      <\/tr>\n      <tr>\n       <td class=\"tablo_stil\" width=\"244\">\n        Cadalpe C 26 Vakumlu Tambur Filtre\n        <br\/>\n        10 &#8211; 15 metrekare\n       <\/td>\n       <td class=\"tablo_stil\" width=\"197\">\n        <p>\n         <a href=\"..\/..\/files\/90a71eb2-7c06-46bb-bc8d-7278aca76d85.pdf\" target=\"_blank\" rel=\"noopener\">\n          Teknik Bilgi (Ing.)\n         <\/a>\n        <\/p>\n       <\/td>\n       <td class=\"tablo_stil\" width=\"48\">\n        MSDS\n       <\/td>\n      <\/tr>\n      <tr>\n       <td class=\"tablo_stil\" width=\"244\">\n        Cadalpe C 26 Vakumlu Tambur Filtre\n        <br\/>\n        20 &#8211; 30 metrekare\n       <\/td>\n       <td class=\"tablo_stil\">\n        <p>\n         <a href=\"..\/..\/files\/f1fa3c2d-a37c-4b4e-8852-715a74b27df4.pdf\" target=\"_blank\" rel=\"noopener\">\n          Teknik Bilgi (Ing.)\n         <\/a>\n        <\/p>\n       <\/td>\n       <td class=\"tablo_stil\">\n        MSDS\n       <\/td>\n      <\/tr>\n     <\/tbody>\n    <\/table>\n    <p>\n    <\/p>\n   <\/div>\n  <\/div>\n <\/div>\n <div class=\"clear\">\n <\/div>\n<\/div>\n<\/body>\n<\/html>\n\n\n\n<p><strong>MSDS:<\/strong>&nbsp;Material Safety Data Sheet<\/p>\n<\/div>\n","protected":false},"excerpt":{"rendered":"<p>G\u0131da ve i\u00e7ecek sekt\u00f6r\u00fcnde bir \u00e7ok alanda kullan\u0131lan Vakumlu Tambur Filtrelerde Cadalpe firmas\u0131 ile i\u015fbirli\u011fi yapmaktay\u0131z. Kapasiteye g\u00f6re 2,7 ila 30 metrekare net filtrayon alan\u0131 alternatifleri mevcuttur. Responsive Table \u00dcr\u00fcnler Vakumlu Tambur Filtreler Cadalpe C 26 Vakumlu Tambur Filtre 2,7 &#8211; 5,4 metrekare Teknik Bilgi (\u0130ng.) MSDS Cadalpe C 26 Vakumlu Tambur Filtre 10 &#8211; [&hellip;]<\/p>\n","protected":false},"author":1,"featured_media":0,"parent":95,"menu_order":0,"comment_status":"closed","ping_status":"closed","template":"page-product","meta":{"footnotes":""},"class_list":["post-218","page","type-page","status-publish","hentry"],"_links":{"self":[{"href":"https:\/\/sinerji-as.com\/index.php?rest_route=\/wp\/v2\/pages\/218","targetHints":{"allow":["GET"]}}],"collection":[{"href":"https:\/\/sinerji-as.com\/index.php?rest_route=\/wp\/v2\/pages"}],"about":[{"href":"https:\/\/sinerji-as.com\/index.php?rest_route=\/wp\/v2\/types\/page"}],"author":[{"embeddable":true,"href":"https:\/\/sinerji-as.com\/index.php?rest_route=\/wp\/v2\/users\/1"}],"replies":[{"embeddable":true,"href":"https:\/\/sinerji-as.com\/index.php?rest_route=%2Fwp%2Fv2%2Fcomments&post=218"}],"version-history":[{"count":5,"href":"https:\/\/sinerji-as.com\/index.php?rest_route=\/wp\/v2\/pages\/218\/revisions"}],"predecessor-version":[{"id":468,"href":"https:\/\/sinerji-as.com\/index.php?rest_route=\/wp\/v2\/pages\/218\/revisions\/468"}],"up":[{"embeddable":true,"href":"https:\/\/sinerji-as.com\/index.php?rest_route=\/wp\/v2\/pages\/95"}],"wp:attachment":[{"href":"https:\/\/sinerji-as.com\/index.php?rest_route=%2Fwp%2Fv2%2Fmedia&parent=218"}],"curies":[{"name":"wp","href":"https:\/\/api.w.org\/{rel}","templated":true}]}}