{"id":212,"date":"2024-03-26T14:28:58","date_gmt":"2024-03-26T11:28:58","guid":{"rendered":"https:\/\/sinerji-as.com\/?page_id=212"},"modified":"2024-07-24T12:15:19","modified_gmt":"2024-07-24T09:15:19","slug":"kizelgur-filtre","status":"publish","type":"page","link":"https:\/\/sinerji-as.com\/?page_id=212","title":{"rendered":"Kizelgur Filtre"},"content":{"rendered":"\n<div class=\"wp-block-group alignwide has-global-padding is-layout-constrained wp-block-group-is-layout-constrained\">\n<p>Cadalpe firmas\u0131 taraf\u0131ndan \u00fcretilen ve toprak filtre olarak da bilinen yatay kizelgur filtrelerde kapasiteye g\u00f6re 3 ila 25,3 metrekare filtrayon alan\u0131 alternatifleri mevcuttur.<\/p>\n\n\n\n<p>Kizelgur filtrede kulaln\u0131lan Diatome toprak (Kieselguhr) ve Sel\u00fcloz tedarik etti\u011fimiz \u00fcr\u00fcnler aras\u0131nda bulunmaktad\u0131r. S\u00f6zkonusu \u00fcr\u00fcnler hakk\u0131nda detayl\u0131 bilgiler &#8220;Filtrasyon Yard\u0131mc\u0131 \u00dcr\u00fcnleri&#8221; sayfas\u0131nda bulabilirsiniz.<\/p>\n\n\n\n<!DOCTYPE html>\n<html lang=\"en\">\n<head>\n<meta charset=\"UTF-8\">\n<meta name=\"viewport\" content=\"width=device-width, initial-scale=1.0\">\n<title>Responsive Table<\/title>\n<style>\n    \/* Basic reset *\/\n    *, *::before, *::after {\n        box-sizing: border-box;\n    }\n\n    \/* Container for the table to make it scrollable on small screens *\/\n    .table-responsive {\n        overflow-x: auto;\n    }\n\n    \/* Styles for the table *\/\n    table {\n        width: 100%;\n        border-collapse: collapse;\n    }\n    table, th, td {\n        border: 1px solid #ddd;\n    }\n    th, td {\n        text-align: left;\n        padding: 8px;\n    }\n    th {\n        background-color: #f2f2f2;\n    }\n    tr:nth-child(even) {\n        background-color: #f9f9f9;\n    }\n<\/style>\n<\/head>\n<body>\n<div class=\"content-full\" id=\"ctl00_ContentWrapper\">\n <div class=\"banner\">\n <\/div>\n <div class=\"page-content-full\" id=\"ctl00_PageContent\">\n  <div id=\"ctl00_ContainerBody_ctl00\">\n   <div id=\"ctl00_ContainerBody_ctl01\">\n    <table align=\"center\" border=\"0\" cellpadding=\"0\" cellspacing=\"0\" class=\"tablo_stil\">\n     <tbody>\n      <tr class=\"Tablo_Basligi_Zemin\">\n       <td class=\"tablo_basligi\" colspan=\"4\">\n        <h4>\n         \u00dcr\u00fcnler\n        <\/h4>\n       <\/td>\n      <\/tr>\n      <tr>\n       <td class=\"tablo_stil\" rowspan=\"2\" width=\"161\">\n        Kizelgur Filtre\n       <\/td>\n       <td class=\"tablo_stil\">\n        Cadalpe C 31 Kizelgur Filtre\n        <br\/>\n        3- 5 metrekare\n       <\/td>\n       <td class=\"tablo_stil\">\n        <a href=\"..\/..\/files\/b1ac1aa2-f436-46c8-a094-d6cb5eb6f43d.pdf\" target=\"_blank\" rel=\"noopener\">\n         Teknik Bilgi (\u0130ng.)\n        <\/a>\n       <\/td>\n       <td class=\"tablo_stil\">\n        MSDS\n       <\/td>\n      <\/tr>\n      <tr>\n       <td class=\"tablo_stil\" width=\"244\">\n        Cadalpe C 31 Kizelgur Filtre\n        <br\/>\n        6,7 &#8211; 25,3 metrekare\n       <\/td>\n       <td class=\"tablo_stil\" width=\"197\">\n        <p>\n         <a href=\"..\/..\/files\/e7000ada-8439-4143-bae2-c66f8acf916f.pdf\" target=\"_blank\" rel=\"noopener\">\n          Teknik Bilgi (Ing.)\n         <\/a>\n        <\/p>\n       <\/td>\n       <td class=\"tablo_stil\" width=\"48\">\n        MSDS\n       <\/td>\n      <\/tr>\n     <\/tbody>\n    <\/table>\n   <\/div>\n  <\/div>\n <\/div>\n <div class=\"clear\">\n <\/div>\n<\/div>\n<\/body>\n<\/html>\n\n\n\n<p><strong>MSDS:<\/strong>&nbsp;Material Safety Data Sheet<\/p>\n<\/div>\n","protected":false},"excerpt":{"rendered":"<p>Cadalpe firmas\u0131 taraf\u0131ndan \u00fcretilen ve toprak filtre olarak da bilinen yatay kizelgur filtrelerde kapasiteye g\u00f6re 3 ila 25,3 metrekare filtrayon alan\u0131 alternatifleri mevcuttur. Kizelgur filtrede kulaln\u0131lan Diatome toprak (Kieselguhr) ve Sel\u00fcloz tedarik etti\u011fimiz \u00fcr\u00fcnler aras\u0131nda bulunmaktad\u0131r. S\u00f6zkonusu \u00fcr\u00fcnler hakk\u0131nda detayl\u0131 bilgiler &#8220;Filtrasyon Yard\u0131mc\u0131 \u00dcr\u00fcnleri&#8221; sayfas\u0131nda bulabilirsiniz. Responsive Table \u00dcr\u00fcnler Kizelgur Filtre Cadalpe C 31 Kizelgur [&hellip;]<\/p>\n","protected":false},"author":1,"featured_media":0,"parent":95,"menu_order":0,"comment_status":"closed","ping_status":"closed","template":"page-product","meta":{"footnotes":""},"class_list":["post-212","page","type-page","status-publish","hentry"],"_links":{"self":[{"href":"https:\/\/sinerji-as.com\/index.php?rest_route=\/wp\/v2\/pages\/212","targetHints":{"allow":["GET"]}}],"collection":[{"href":"https:\/\/sinerji-as.com\/index.php?rest_route=\/wp\/v2\/pages"}],"about":[{"href":"https:\/\/sinerji-as.com\/index.php?rest_route=\/wp\/v2\/types\/page"}],"author":[{"embeddable":true,"href":"https:\/\/sinerji-as.com\/index.php?rest_route=\/wp\/v2\/users\/1"}],"replies":[{"embeddable":true,"href":"https:\/\/sinerji-as.com\/index.php?rest_route=%2Fwp%2Fv2%2Fcomments&post=212"}],"version-history":[{"count":6,"href":"https:\/\/sinerji-as.com\/index.php?rest_route=\/wp\/v2\/pages\/212\/revisions"}],"predecessor-version":[{"id":470,"href":"https:\/\/sinerji-as.com\/index.php?rest_route=\/wp\/v2\/pages\/212\/revisions\/470"}],"up":[{"embeddable":true,"href":"https:\/\/sinerji-as.com\/index.php?rest_route=\/wp\/v2\/pages\/95"}],"wp:attachment":[{"href":"https:\/\/sinerji-as.com\/index.php?rest_route=%2Fwp%2Fv2%2Fmedia&parent=212"}],"curies":[{"name":"wp","href":"https:\/\/api.w.org\/{rel}","templated":true}]}}