{"id":203,"date":"2024-02-02T21:34:40","date_gmt":"2024-02-02T18:34:40","guid":{"rendered":"https:\/\/sinerji-as.com\/?page_id=203"},"modified":"2024-07-24T13:45:14","modified_gmt":"2024-07-24T10:45:14","slug":"plakali-filtreler","status":"publish","type":"page","link":"https:\/\/sinerji-as.com\/?page_id=203","title":{"rendered":"Plakal\u0131 Filtreler"},"content":{"rendered":"\n<div class=\"wp-block-group alignwide has-global-padding is-layout-constrained wp-container-core-group-is-layout-4c48b175 wp-block-group-is-layout-constrained\" style=\"margin-top:0;margin-bottom:0;padding-top:0;padding-right:0;padding-bottom:0;padding-left:0\">\n<p>Meyve suyu, \u015farap ve zeytinya\u011f\u0131 filtrasyonunda kullan\u0131lan plakal\u0131 filtrelerde, uygulama alan\u0131 ve amac\u0131na ba\u011fl\u0131 olarak Begerow ve Cadalpe firmalar\u0131 ile i\u015fbirli\u011fi yapmaktay\u0131z.<\/p>\n\n\n\n<html>\n<style>\n    \/* Basic reset *\/\n    *, *::before, *::after {\n        box-sizing: border-box;\n    }\n\n    \/* Container for the table to make it scrollable on small screens *\/\n    .table-responsive {\n        overflow-x: auto;\n    }\n\n    \/* Styles for the table *\/\n    table {\n        width: 100%;\n        border-collapse: collapse;\n    }\n    table, th, td {\n        border: 1px solid #ddd;\n    }\n    th, td {\n        text-align: left;\n        padding: 8px;\n    }\n    th {\n        background-color: #f2f2f2;\n    }\n    tr:nth-child(even) {\n        background-color: #f9f9f9;\n    }\n<\/style>\n<body>\n\n<table align=\"center\" border=\"0\" cellpadding=\"0\" cellspacing=\"0\" class=\"responsive-table\" style=\"width: 100%;\">\n<tbody>\n<tr>\n<td>\n<h4>\n\u00dcr\u00fcnler\n<\/h4>\n<\/td>\n<\/tr>\n<tr>\n\n<td>\n        200 x 200 mm. Begerow\n        <br\/>\n        BECO COMPACT PLATE 200\n       <\/td>\n<td>\n<a>\n         Teknik Bilgi (Ing.)\n        <\/a>\n<\/td>\n<td>\n        MSDS\n       <\/td>\n<\/tr>\n<tr>\n<td>\n<p>\n         400 x 400 mm. Begerow\n         <br\/>\n         BECO COMPACT PLATE 400\n        <\/p>\n<\/td>\n<td>\n<a>\n         Teknik Bilgi (Ing.)\n        <\/a>\n<\/td>\n<td>\n        MSDS\n       <\/td>\n<\/tr>\n<tr>\n<td>\n        400 x 400 mm. Begerow\n        <br\/>\n        BECO COMPACT PLATE 400 Manual Hydrolik\n       <\/td>\n<td>\n<a>\n         Teknik Bilgi (Ing.)\n        <\/a>\n<\/td>\n<td>\n        MSDS\n       <\/td>\n<\/tr>\n<tr>\n<td>\n        600 x 600 mm. Begerow\n        <br\/>\n        BECO COMPACT PLATE 600\n       <\/td>\n<td>\n<a>\n         Teknik Bilgi (Ing.)\n        <\/a>\n<\/td>\n<td>\n        MSDS\n       <\/td>\n<\/tr>\n<tr>\n<td>\n        400 x 400 mm Cadalpe\n        <br\/>\n        C 14 Sheet Filter\n       <\/td>\n<td>\n<a>\n         Teknik Bilgi (Ing.)\n        <\/a>\n<\/td>\n<td>\n        MSDS\n       <\/td>\n<\/tr>\n<\/tbody>\n<\/table>\n<\/body>\n<\/html>\n<\/div>\n","protected":false},"excerpt":{"rendered":"<p>Meyve suyu, \u015farap ve zeytinya\u011f\u0131 filtrasyonunda kullan\u0131lan plakal\u0131 filtrelerde, uygulama alan\u0131 ve amac\u0131na ba\u011fl\u0131 olarak Begerow ve Cadalpe firmalar\u0131 ile i\u015fbirli\u011fi yapmaktay\u0131z. \u00dcr\u00fcnler 200 x 200 mm. Begerow BECO COMPACT PLATE 200 Teknik Bilgi (Ing.) MSDS 400 x 400 mm. Begerow BECO COMPACT PLATE 400 Teknik Bilgi (Ing.) MSDS 400 x 400 mm. Begerow BECO [&hellip;]<\/p>\n","protected":false},"author":1,"featured_media":0,"parent":95,"menu_order":0,"comment_status":"closed","ping_status":"closed","template":"page-product","meta":{"footnotes":""},"class_list":["post-203","page","type-page","status-publish","hentry"],"_links":{"self":[{"href":"https:\/\/sinerji-as.com\/index.php?rest_route=\/wp\/v2\/pages\/203","targetHints":{"allow":["GET"]}}],"collection":[{"href":"https:\/\/sinerji-as.com\/index.php?rest_route=\/wp\/v2\/pages"}],"about":[{"href":"https:\/\/sinerji-as.com\/index.php?rest_route=\/wp\/v2\/types\/page"}],"author":[{"embeddable":true,"href":"https:\/\/sinerji-as.com\/index.php?rest_route=\/wp\/v2\/users\/1"}],"replies":[{"embeddable":true,"href":"https:\/\/sinerji-as.com\/index.php?rest_route=%2Fwp%2Fv2%2Fcomments&post=203"}],"version-history":[{"count":7,"href":"https:\/\/sinerji-as.com\/index.php?rest_route=\/wp\/v2\/pages\/203\/revisions"}],"predecessor-version":[{"id":500,"href":"https:\/\/sinerji-as.com\/index.php?rest_route=\/wp\/v2\/pages\/203\/revisions\/500"}],"up":[{"embeddable":true,"href":"https:\/\/sinerji-as.com\/index.php?rest_route=\/wp\/v2\/pages\/95"}],"wp:attachment":[{"href":"https:\/\/sinerji-as.com\/index.php?rest_route=%2Fwp%2Fv2%2Fmedia&parent=203"}],"curies":[{"name":"wp","href":"https:\/\/api.w.org\/{rel}","templated":true}]}}