{"id":177,"date":"2024-01-26T13:10:11","date_gmt":"2024-01-26T13:10:11","guid":{"rendered":"https:\/\/sinerji-as.com\/?page_id=177"},"modified":"2024-07-24T13:47:10","modified_gmt":"2024-07-24T10:47:10","slug":"derin-filtre-kartuslari","status":"publish","type":"page","link":"https:\/\/sinerji-as.com\/?page_id=177","title":{"rendered":"Derin Filtre Kartu\u015flar\u0131"},"content":{"rendered":"\n<div class=\"wp-block-group has-global-padding is-layout-constrained wp-block-group-is-layout-constrained\">\n<p>Kaba ve ince filtrasyon uygulamalar\u0131nda kullan\u0131lan derinlikli filtre kartu\u015flar\u0131 a\u015fa\u011f\u0131daki tabloda g\u00f6sterilmi\u015ftir. Derinlikli filtre kartu\u015flar\u0131 hakk\u0131nda en \u00f6nemli kriterlerden biri olan B-Ratio de\u011ferleri, Begerow \u00fcr\u00fcnlerinde % 99,99 dur.<\/p>\n\n\n\n<!DOCTYPE html>\n<html lang=\"en\">\n<head>\n<meta charset=\"UTF-8\">\n<meta name=\"viewport\" content=\"width=device-width, initial-scale=1.0\">\n<title>Responsive Table<\/title>\n<style>\n    \/* Basic reset *\/\n    *, *::before, *::after {\n        box-sizing: border-box;\n    }\n\n    \/* Container for the table to make it scrollable on small screens *\/\n    .table-responsive {\n        overflow-x: auto;\n    }\n\n    \/* Styles for the table *\/\n    table {\n        width: 100%;\n        border-collapse: collapse;\n    }\n    table, th, td {\n        border: 1px solid #ddd;\n    }\n    th, td {\n        text-align: left;\n        padding: 8px;\n    }\n    th {\n        background-color: #f2f2f2;\n    }\n    tr:nth-child(even) {\n        background-color: #f9f9f9;\n    }\n<\/style>\n<\/head>\n<body>\n<div class=\"content-full\" id=\"ctl00_ContentWrapper\">\n <div class=\"page-content-full\" id=\"ctl00_PageContent\">\n  <div id=\"ctl00_ContainerBody_ctl00\">\n   <div id=\"table-responsive\">\n    <table align=\"center\" border=\"0\" cellpadding=\"0\" cellspacing=\"0\" class=\"tablo_stil\">\n     <tbody>\n      <tr class=\"Tablo_Basligi_Zemin\">\n       <td class=\"tablo_basligi\" colspan=\"4\">\n        <h4>\n         \u00dcr\u00fcnler\n        <\/h4>\n       <\/td>\n      <\/tr>\n      <tr>\n       <td class=\"tablo_stil\" rowspan=\"7\" width=\"180\">\n        Derinlikli Filtre Kartu\u015flar\u0131\n       <\/td>\n       <td class=\"tablo_stil\" width=\"275\">\n        Beco Protact PP\n       <\/td>\n       <td class=\"tablo_stil\" width=\"155\">\n        <a href=\"..\/..\/files\/812dcc49-a278-4e48-bf60-ecfd35359659.pdf\">\n         Teknik Bilgi (Ing.)\n        <\/a>\n       <\/td>\n       <td class=\"tablo_stil\" width=\"48\">\n        MSDS\n       <\/td>\n      <\/tr>\n      <tr>\n       <td class=\"tablo_stil\">\n        Beco Protect KT\n       <\/td>\n       <td class=\"tablo_stil\">\n        <a href=\"..\/..\/files\/dc3f5261-c8a5-48b6-bc1b-c571865d336c.pdf\">\n         Teknik Bilgi (Ing.)\n        <\/a>\n       <\/td>\n       <td class=\"tablo_stil\">\n        MSDS\n       <\/td>\n      <\/tr>\n      <tr>\n       <td class=\"tablo_stil\">\n        Beco Protect PG\n       <\/td>\n       <td class=\"tablo_stil\">\n        <a href=\"..\/..\/files\/06644ab5-11c8-4f56-81f1-474df9c4077d.pdf\">\n         Teknik Bilgi (Ing.)\n        <\/a>\n       <\/td>\n       <td class=\"tablo_stil\">\n        MSDS\n       <\/td>\n      <\/tr>\n      <tr>\n       <td class=\"tablo_stil\">\n        Beco Protect PB\n       <\/td>\n       <td class=\"tablo_stil\">\n        <a href=\"..\/..\/files\/8c1df5ad-02a8-4bc8-a573-1dcc8e0f19d1.pdf\">\n         Teknik Bilgi (Ing.)\n        <\/a>\n       <\/td>\n       <td class=\"tablo_stil\">\n        MSDS\n       <\/td>\n      <\/tr>\n      <tr>\n       <td class=\"tablo_stil\">\n        Beco Protect TS Twinstream\n       <\/td>\n       <td class=\"tablo_stil\">\n        <a href=\"..\/..\/files\/87aea8c8-ce96-435f-9a3e-cd9869b801d4.pdf\">\n         Teknik Bilgi (Ing.)\n        <\/a>\n       <\/td>\n       <td class=\"tablo_stil\">\n        MSDS\n       <\/td>\n      <\/tr>\n      <tr>\n       <td class=\"tablo_stil\">\n        Beco Protect XS\n       <\/td>\n       <td class=\"tablo_stil\">\n        <a href=\"..\/..\/files\/eaa42adb-b4b6-46fd-a3f6-69cc1298db44.pdf\">\n         Teknik Bilgi (Ing.)\n        <\/a>\n       <\/td>\n       <td class=\"tablo_stil\">\n        MSDS\n       <\/td>\n      <\/tr>\n      <tr>\n       <td class=\"tablo_stil\">\n        Beco Protect KM\n       <\/td>\n       <td class=\"tablo_stil\">\n        <a href=\"..\/..\/files\/83071ca9-8b25-46b2-b97e-8240cd4ac30e.pdf\">\n         Teknik Bilgi (Ing.)\n        <\/a>\n       <\/td>\n       <td class=\"tablo_stil\">\n        MSDS\n       <\/td>\n      <\/tr>\n     <\/tbody>\n    <\/table>\n   <\/div>\n  <\/div>\n <\/div>\n <div class=\"clear\">\n <\/div>\n<\/div>\n<\/body>\n<\/html>\n\n\n\n<p><strong>MSDS:<\/strong> Material Safety Data Sheet<\/p>\n<\/div>\n","protected":false},"excerpt":{"rendered":"<p>Kaba ve ince filtrasyon uygulamalar\u0131nda kullan\u0131lan derinlikli filtre kartu\u015flar\u0131 a\u015fa\u011f\u0131daki tabloda g\u00f6sterilmi\u015ftir. Derinlikli filtre kartu\u015flar\u0131 hakk\u0131nda en \u00f6nemli kriterlerden biri olan B-Ratio de\u011ferleri, Begerow \u00fcr\u00fcnlerinde % 99,99 dur. Responsive Table \u00dcr\u00fcnler Derinlikli Filtre Kartu\u015flar\u0131 Beco Protact PP Teknik Bilgi (Ing.) MSDS Beco Protect KT Teknik Bilgi (Ing.) MSDS Beco Protect PG Teknik Bilgi (Ing.) MSDS [&hellip;]<\/p>\n","protected":false},"author":1,"featured_media":0,"parent":95,"menu_order":0,"comment_status":"closed","ping_status":"closed","template":"page-product","meta":{"footnotes":""},"class_list":["post-177","page","type-page","status-publish","hentry"],"_links":{"self":[{"href":"https:\/\/sinerji-as.com\/index.php?rest_route=\/wp\/v2\/pages\/177","targetHints":{"allow":["GET"]}}],"collection":[{"href":"https:\/\/sinerji-as.com\/index.php?rest_route=\/wp\/v2\/pages"}],"about":[{"href":"https:\/\/sinerji-as.com\/index.php?rest_route=\/wp\/v2\/types\/page"}],"author":[{"embeddable":true,"href":"https:\/\/sinerji-as.com\/index.php?rest_route=\/wp\/v2\/users\/1"}],"replies":[{"embeddable":true,"href":"https:\/\/sinerji-as.com\/index.php?rest_route=%2Fwp%2Fv2%2Fcomments&post=177"}],"version-history":[{"count":14,"href":"https:\/\/sinerji-as.com\/index.php?rest_route=\/wp\/v2\/pages\/177\/revisions"}],"predecessor-version":[{"id":501,"href":"https:\/\/sinerji-as.com\/index.php?rest_route=\/wp\/v2\/pages\/177\/revisions\/501"}],"up":[{"embeddable":true,"href":"https:\/\/sinerji-as.com\/index.php?rest_route=\/wp\/v2\/pages\/95"}],"wp:attachment":[{"href":"https:\/\/sinerji-as.com\/index.php?rest_route=%2Fwp%2Fv2%2Fmedia&parent=177"}],"curies":[{"name":"wp","href":"https:\/\/api.w.org\/{rel}","templated":true}]}}