{"id":173,"date":"2024-01-26T12:46:56","date_gmt":"2024-01-26T12:46:56","guid":{"rendered":"https:\/\/sinerji-as.com\/?page_id=173"},"modified":"2024-07-24T13:48:55","modified_gmt":"2024-07-24T10:48:55","slug":"membran-filtre-kartuslar","status":"publish","type":"page","link":"https:\/\/sinerji-as.com\/?page_id=173","title":{"rendered":"Membran Filtre Kartu\u015flar"},"content":{"rendered":"\n<div class=\"wp-block-group alignwide has-global-padding is-layout-constrained wp-block-group-is-layout-constrained\">\n<p>\u0130\u00e7e\u00e7ek end\u00fcstrisinde (\u015earap, kaynak sular\u0131) Mikrofiltrasyon amac\u0131yla kullan\u0131lan membran filtre kartu\u015flar\u0131 a\u015fa\u011f\u0131daki tabloda g\u00f6sterilmi\u015ftir.<\/p>\n\n\n\n<!DOCTYPE html>\n<html lang=\"en\">\n<head>\n<meta name=\"viewport\" content=\"width=device-width, initial-scale=1\">\n<style>\n    \/* Basic reset *\/\n    *, *::before, *::after {\n        box-sizing: border-box;\n    }\n\n    \/* Container for the table to make it scrollable on small screens *\/\n    .table-responsive {\n        overflow-x: auto;\n    }\n\n    \/* Styles for the table *\/\n    table {\n        width: 100%;\n        border-collapse: collapse;\n    }\n    table, th, td {\n        border: 1px solid #ddd;\n    }\n    th, td {\n        text-align: left;\n        padding: 8px;\n    }\n    th {\n        background-color: #f2f2f2;\n    }\n    tr:nth-child(even) {\n        background-color: #f9f9f9;\n    }\n<\/style>\n<\/head>\n<body>\n\n<div class=\"container\">\n<table align=\"center\" border=\"0\" cellpadding=\"0\" cellspacing=\"0\" class=\"tablo_stil\" style=\"width: 100%;\">\n<tbody>\n<tr class=\"Tablo_Basligi_Zemin\">\n<td class=\"tablo_basligi\" colspan=\"4\" data-label=\"\n\n         Membran Filtre Kartu\u015flar\u0131\n        \n\">\n<h4>\n         \u00dcr\u00fcnler\n        <\/h4>\n<\/td>\n<\/tr>\n<tr>\n<td class=\"tablo_stil\" data-label=\"\n\n         Membran Filtre Kartu\u015flar\u0131\n        \n\" rowspan=\"3\" width=\"180\">\n        Membran Filtre Kartu\u015flar\u0131\n       <\/td>\n<td class=\"tablo_stil\" width=\"275\">\n        Beco Membran PS\n        <br\/>\n        Membran Filtre Kartu\u015flar\u0131\n       <\/td>\n<td class=\"tablo_stil\" width=\"155\">\n<p>\n<a href=\"..\/..\/files\/8da3c238-12f1-4feb-b6ce-d90d0e455e7b.pdf\">\n          Teknik Bilgi (Ing.)\n         <\/a>\n<\/p>\n<\/td>\n<td class=\"tablo_stil\" width=\"48\">\n        MSDS\n       <\/td>\n<\/tr>\n<tr>\n<td class=\"tablo_stil\" data-label=\"\n\n         Membran Filtre Kartu\u015flar\u0131\n        \n\">\n<p>\n         Beco Membran PF Plus\n         <br\/>\n         Membran Filtre Kartu\u015flar\u0131\n        <\/p>\n<\/td>\n<td class=\"tablo_stil\">\n<a href=\"..\/..\/files\/9778f719-07b9-48fb-881c-69dc11d5301d.pdf\">\n         Teknik Bilgi (Ing.)\n        <\/a>\n<\/td>\n<td class=\"tablo_stil\">\n        MSDS\n       <\/td>\n<\/tr>\n<tr>\n<td class=\"tablo_stil\" data-label=\"\n\n         Membran Filtre Kartu\u015flar\u0131\n        \n\">\n        Beco Membran H 0,22 \u00b5m\n        <br\/>\n        Beco Membran H Mini 0,20 \u00b5m\n       <\/td>\n<td class=\"tablo_stil\">\n<p>\n<a href=\"..\/..\/files\/0f438ef6-4746-4e52-bd07-59f5da85f027.pdf\" target=\"_blank\" rel=\"noopener\">\n          Teknik Bilgi (Ing)\n         <\/a>\n<br\/>\n<a href=\"..\/..\/files\/e4164754-1ac4-4b5f-9ff1-e16b4ebbebaa.pdf\" target=\"_blank\" rel=\"noopener\">\n          Teknik Bilgi (Ing.)\n         <\/a>\n<\/p>\n<\/td>\n<td class=\"tablo_stil\">\n        MSDS\n       <\/td>\n<\/tr>\n<\/tbody>\n<\/table>\n<\/div>\n\n<\/body>\n<\/html>\n\n\n\n<p><strong>MSDS:<\/strong> Material Safety Data Sheet<\/p>\n<\/div>\n","protected":false},"excerpt":{"rendered":"<p>\u0130\u00e7e\u00e7ek end\u00fcstrisinde (\u015earap, kaynak sular\u0131) Mikrofiltrasyon amac\u0131yla kullan\u0131lan membran filtre kartu\u015flar\u0131 a\u015fa\u011f\u0131daki tabloda g\u00f6sterilmi\u015ftir. \u00dcr\u00fcnler Membran Filtre Kartu\u015flar\u0131 Beco Membran PS Membran Filtre Kartu\u015flar\u0131 Teknik Bilgi (Ing.) MSDS Beco Membran PF Plus Membran Filtre Kartu\u015flar\u0131 Teknik Bilgi (Ing.) MSDS Beco Membran H 0,22 \u00b5m Beco Membran H Mini 0,20 \u00b5m Teknik Bilgi (Ing) Teknik Bilgi [&hellip;]<\/p>\n","protected":false},"author":1,"featured_media":0,"parent":95,"menu_order":0,"comment_status":"closed","ping_status":"closed","template":"page-product","meta":{"footnotes":""},"class_list":["post-173","page","type-page","status-publish","hentry"],"_links":{"self":[{"href":"https:\/\/sinerji-as.com\/index.php?rest_route=\/wp\/v2\/pages\/173","targetHints":{"allow":["GET"]}}],"collection":[{"href":"https:\/\/sinerji-as.com\/index.php?rest_route=\/wp\/v2\/pages"}],"about":[{"href":"https:\/\/sinerji-as.com\/index.php?rest_route=\/wp\/v2\/types\/page"}],"author":[{"embeddable":true,"href":"https:\/\/sinerji-as.com\/index.php?rest_route=\/wp\/v2\/users\/1"}],"replies":[{"embeddable":true,"href":"https:\/\/sinerji-as.com\/index.php?rest_route=%2Fwp%2Fv2%2Fcomments&post=173"}],"version-history":[{"count":5,"href":"https:\/\/sinerji-as.com\/index.php?rest_route=\/wp\/v2\/pages\/173\/revisions"}],"predecessor-version":[{"id":502,"href":"https:\/\/sinerji-as.com\/index.php?rest_route=\/wp\/v2\/pages\/173\/revisions\/502"}],"up":[{"embeddable":true,"href":"https:\/\/sinerji-as.com\/index.php?rest_route=\/wp\/v2\/pages\/95"}],"wp:attachment":[{"href":"https:\/\/sinerji-as.com\/index.php?rest_route=%2Fwp%2Fv2%2Fmedia&parent=173"}],"curies":[{"name":"wp","href":"https:\/\/api.w.org\/{rel}","templated":true}]}}