{"id":146,"date":"2024-01-15T19:29:57","date_gmt":"2024-01-15T19:29:57","guid":{"rendered":"https:\/\/sinerji-as.com\/?page_id=146"},"modified":"2024-07-24T14:04:58","modified_gmt":"2024-07-24T11:04:58","slug":"sarap","status":"publish","type":"page","link":"https:\/\/sinerji-as.com\/?page_id=146","title":{"rendered":"\u015earap"},"content":{"rendered":"\n<div class=\"wp-block-group alignwide has-accent-4-background-color has-background is-layout-flow wp-block-group-is-layout-flow\" style=\"padding-top:var(--wp--preset--spacing--50);padding-right:var(--wp--preset--spacing--50);padding-bottom:var(--wp--preset--spacing--50);padding-left:var(--wp--preset--spacing--50)\"><h2 class=\"wp-block-post-title\">\u015earap<\/h2>\n\n\n<div class=\"wp-block-columns is-layout-flex wp-container-core-columns-is-layout-d0b3c9c8 wp-block-columns-is-layout-flex\">\n<div class=\"wp-block-column is-layout-flow wp-block-column-is-layout-flow\" style=\"--col-width:75%;flex-basis:75%\">\n<p>\u015earap \u00fcretiminde kullan\u0131lan \u00fcr\u00fcnlerimizden, Filtre Kartonlar\u0131, Enzim, Aktif Kuru Maya, Maya Besinleri, Durultma ve Stabilizasyon \u00fcr\u00fcnleri a\u015fa\u011f\u0131da listelenmi\u015ftir. \u00dcr\u00fcnlere ait Teknik Bilgi ve Malzeme G\u00fcvenlik Bilgi D\u00f6kumanlar\u0131na da bu sayfadan ula\u015fabilirsiniz. \u00dcr\u00fcnler hakk\u0131nda daha detayl\u0131 bilgi i\u00e7in l\u00fctfen bizimle irtibata ge\u00e7iniz. info@sinerji-as.com<\/p>\n\n\n\n<p>\u015earap \u00fcretiminde kullan\u0131lan Meyve Kabul \u00dcniteleri, Meyve S\u0131kma Presleri, Sap Ay\u0131rma, Tane Patlatma, Filtreler, Pompalarla ilgili bilgi i\u00e7in;<\/p>\n\n\n\n<ul class=\"wp-block-list\">\n<li>Meyve S\u0131kma Presleri<\/li>\n\n\n\n<li>Sap Ay\u0131rma<\/li>\n\n\n\n<li>Filtreler (Vakumlu Tambur Filtre, Kieselgur Filtre, Plakal\u0131 Filtre, Kartu\u015f Filtre)<\/li>\n\n\n\n<li>May\u015fe Pompalar\u0131<\/li>\n\n\n\n<li>Aktarma Pompalar\u0131<\/li>\n\n\n\n<li>Laboratuar Cihazlar\u0131<\/li>\n<\/ul>\n\n\n\n<p><\/p>\n\n\n\n<p>Bucher Vaslin firmas\u0131n\u0131n \u00f6nerdi\u011fi K\u0131rm\u0131z\u0131 \u015earap \u00fcretimi ak\u0131m \u015femas\u0131:<\/p>\n\n\n\n<figure data-wp-context=\"{&quot;imageId&quot;:&quot;69e9d44d28841&quot;}\" data-wp-interactive=\"core\/image\" data-wp-key=\"69e9d44d28841\" class=\"wp-block-image size-full is-style-rounded is-style-rounded--1 wp-lightbox-container\"><img loading=\"lazy\" decoding=\"async\" width=\"745\" height=\"375\" data-wp-class--hide=\"state.isContentHidden\" data-wp-class--show=\"state.isContentVisible\" data-wp-init=\"callbacks.setButtonStyles\" data-wp-on--click=\"actions.showLightbox\" data-wp-on--load=\"callbacks.setButtonStyles\" data-wp-on-window--resize=\"callbacks.setButtonStyles\" src=\"https:\/\/sinerji-as.com\/wp-content\/uploads\/2024\/01\/Red-Winemaking.jpg\" alt=\"\" class=\"wp-image-147\" srcset=\"https:\/\/sinerji-as.com\/wp-content\/uploads\/2024\/01\/Red-Winemaking.jpg 745w, https:\/\/sinerji-as.com\/wp-content\/uploads\/2024\/01\/Red-Winemaking-300x151.jpg 300w\" sizes=\"auto, (max-width: 745px) 100vw, 745px\" \/><button\n\t\t\tclass=\"lightbox-trigger\"\n\t\t\ttype=\"button\"\n\t\t\taria-haspopup=\"dialog\"\n\t\t\taria-label=\"B\u00fcy\u00fct\"\n\t\t\tdata-wp-init=\"callbacks.initTriggerButton\"\n\t\t\tdata-wp-on--click=\"actions.showLightbox\"\n\t\t\tdata-wp-style--right=\"state.imageButtonRight\"\n\t\t\tdata-wp-style--top=\"state.imageButtonTop\"\n\t\t>\n\t\t\t<svg xmlns=\"http:\/\/www.w3.org\/2000\/svg\" width=\"12\" height=\"12\" fill=\"none\" viewBox=\"0 0 12 12\">\n\t\t\t\t<path fill=\"#fff\" d=\"M2 0a2 2 0 0 0-2 2v2h1.5V2a.5.5 0 0 1 .5-.5h2V0H2Zm2 10.5H2a.5.5 0 0 1-.5-.5V8H0v2a2 2 0 0 0 2 2h2v-1.5ZM8 12v-1.5h2a.5.5 0 0 0 .5-.5V8H12v2a2 2 0 0 1-2 2H8Zm2-12a2 2 0 0 1 2 2v2h-1.5V2a.5.5 0 0 0-.5-.5H8V0h2Z\" \/>\n\t\t\t<\/svg>\n\t\t<\/button><\/figure>\n\n\n\n<p><\/p>\n\n\n\n<p>Bucher Vaslin firmas\u0131n\u0131n \u00f6nerdi\u011fi Beyaz \u015earap \u00fcretimi ak\u0131m \u015femas\u0131: <\/p>\n\n\n\n<figure data-wp-context=\"{&quot;imageId&quot;:&quot;69e9d44d2a067&quot;}\" data-wp-interactive=\"core\/image\" data-wp-key=\"69e9d44d2a067\" class=\"wp-block-image size-full is-style-rounded is-style-rounded--2 wp-lightbox-container\"><img loading=\"lazy\" decoding=\"async\" width=\"733\" height=\"365\" data-wp-class--hide=\"state.isContentHidden\" data-wp-class--show=\"state.isContentVisible\" data-wp-init=\"callbacks.setButtonStyles\" data-wp-on--click=\"actions.showLightbox\" data-wp-on--load=\"callbacks.setButtonStyles\" data-wp-on-window--resize=\"callbacks.setButtonStyles\" src=\"https:\/\/sinerji-as.com\/wp-content\/uploads\/2024\/01\/White-Winemaking.jpg\" alt=\"\" class=\"wp-image-148\" srcset=\"https:\/\/sinerji-as.com\/wp-content\/uploads\/2024\/01\/White-Winemaking.jpg 733w, https:\/\/sinerji-as.com\/wp-content\/uploads\/2024\/01\/White-Winemaking-300x149.jpg 300w\" sizes=\"auto, (max-width: 733px) 100vw, 733px\" \/><button\n\t\t\tclass=\"lightbox-trigger\"\n\t\t\ttype=\"button\"\n\t\t\taria-haspopup=\"dialog\"\n\t\t\taria-label=\"B\u00fcy\u00fct\"\n\t\t\tdata-wp-init=\"callbacks.initTriggerButton\"\n\t\t\tdata-wp-on--click=\"actions.showLightbox\"\n\t\t\tdata-wp-style--right=\"state.imageButtonRight\"\n\t\t\tdata-wp-style--top=\"state.imageButtonTop\"\n\t\t>\n\t\t\t<svg xmlns=\"http:\/\/www.w3.org\/2000\/svg\" width=\"12\" height=\"12\" fill=\"none\" viewBox=\"0 0 12 12\">\n\t\t\t\t<path fill=\"#fff\" d=\"M2 0a2 2 0 0 0-2 2v2h1.5V2a.5.5 0 0 1 .5-.5h2V0H2Zm2 10.5H2a.5.5 0 0 1-.5-.5V8H0v2a2 2 0 0 0 2 2h2v-1.5ZM8 12v-1.5h2a.5.5 0 0 0 .5-.5V8H12v2a2 2 0 0 1-2 2H8Zm2-12a2 2 0 0 1 2 2v2h-1.5V2a.5.5 0 0 0-.5-.5H8V0h2Z\" \/>\n\t\t\t<\/svg>\n\t\t<\/button><\/figure>\n<\/div>\n\n\n\n<div class=\"wp-block-column is-layout-flow wp-block-column-is-layout-flow\" style=\"--col-width:25%;padding-top:0;padding-right:0;padding-bottom:0;padding-left:0;flex-basis:25%\">\n<div class=\"wp-block-group has-base-background-color has-background has-global-padding is-layout-constrained wp-container-core-group-is-layout-86dba5ee wp-block-group-is-layout-constrained\" style=\"padding-top:var(--wp--preset--spacing--10);padding-right:var(--wp--preset--spacing--10);padding-bottom:var(--wp--preset--spacing--10);padding-left:var(--wp--preset--spacing--10)\">\n<h4 class=\"wp-block-heading has-text-align-right has-custom-color-1-color has-text-color has-link-color wp-elements-2b416c701356fab600a28d8a8edeb06e\"><strong>\u00dcr\u00fcn Gruplar\u0131<\/strong><\/h4>\n\n\n<nav class=\"is-responsive items-justified-right is-vertical wp-block-navigation is-content-justification-right is-layout-flex wp-container-core-navigation-is-layout-1f96f7c3 wp-block-navigation-is-layout-flex\" aria-label=\"Filtrasyon Menu\" \n\t\t data-wp-interactive=\"core\/navigation\" data-wp-context='{\"overlayOpenedBy\":{\"click\":false,\"hover\":false,\"focus\":false},\"type\":\"overlay\",\"roleAttribute\":\"\",\"ariaLabel\":\"Men\\u00fc\"}'><button aria-haspopup=\"dialog\" aria-label=\"Men\u00fcy\u00fc a\u00e7\" class=\"wp-block-navigation__responsive-container-open\" \n\t\t\t\tdata-wp-on--click=\"actions.openMenuOnClick\"\n\t\t\t\tdata-wp-on--keydown=\"actions.handleMenuKeydown\"\n\t\t\t><svg width=\"24\" height=\"24\" xmlns=\"http:\/\/www.w3.org\/2000\/svg\" viewBox=\"0 0 24 24\" aria-hidden=\"true\" focusable=\"false\"><path d=\"M4 7.5h16v1.5H4z\"><\/path><path d=\"M4 15h16v1.5H4z\"><\/path><\/svg><\/button>\n\t\t\t\t<div class=\"wp-block-navigation__responsive-container\"  id=\"modal-3\" \n\t\t\t\tdata-wp-class--has-modal-open=\"state.isMenuOpen\"\n\t\t\t\tdata-wp-class--is-menu-open=\"state.isMenuOpen\"\n\t\t\t\tdata-wp-watch=\"callbacks.initMenu\"\n\t\t\t\tdata-wp-on--keydown=\"actions.handleMenuKeydown\"\n\t\t\t\tdata-wp-on--focusout=\"actions.handleMenuFocusout\"\n\t\t\t\ttabindex=\"-1\"\n\t\t\t>\n\t\t\t\t\t<div class=\"wp-block-navigation__responsive-close\" tabindex=\"-1\">\n\t\t\t\t\t\t<div class=\"wp-block-navigation__responsive-dialog\" \n\t\t\t\tdata-wp-bind--aria-modal=\"state.ariaModal\"\n\t\t\t\tdata-wp-bind--aria-label=\"state.ariaLabel\"\n\t\t\t\tdata-wp-bind--role=\"state.roleAttribute\"\n\t\t\t>\n\t\t\t\t\t\t\t<button aria-label=\"Men\u00fcy\u00fc kapat\" class=\"wp-block-navigation__responsive-container-close\" \n\t\t\t\tdata-wp-on--click=\"actions.closeMenuOnClick\"\n\t\t\t><svg xmlns=\"http:\/\/www.w3.org\/2000\/svg\" viewBox=\"0 0 24 24\" width=\"24\" height=\"24\" aria-hidden=\"true\" focusable=\"false\"><path d=\"m13.06 12 6.47-6.47-1.06-1.06L12 10.94 5.53 4.47 4.47 5.53 10.94 12l-6.47 6.47 1.06 1.06L12 13.06l6.47 6.47 1.06-1.06L13.06 12Z\"><\/path><\/svg><\/button>\n\t\t\t\t\t\t\t<div class=\"wp-block-navigation__responsive-container-content\" \n\t\t\t\tdata-wp-watch=\"callbacks.focusFirstElement\"\n\t\t\t id=\"modal-3-content\">\n\t\t\t\t\t\t\t\t<ul class=\"wp-block-navigation__container is-responsive items-justified-right is-vertical wp-block-navigation\"><li class=\" wp-block-navigation-item wp-block-navigation-link\"><a class=\"wp-block-navigation-item__content\"  href=\"https:\/\/sinerji-as.com\/?page_id=155\"><span class=\"wp-block-navigation-item__label\">Filtre Kartonlar\u0131<\/span><\/a><\/li><li class=\" wp-block-navigation-item wp-block-navigation-link\"><a class=\"wp-block-navigation-item__content\"  href=\"https:\/\/sinerji-as.com\/?page_id=164\"><span class=\"wp-block-navigation-item__label\">Filtrasyon Yard\u0131mc\u0131 \u00dcr\u00fcnleri<\/span><\/a><\/li><li class=\" wp-block-navigation-item wp-block-navigation-link\"><a class=\"wp-block-navigation-item__content\"  href=\"https:\/\/sinerji-as.com\/?page_id=173\"><span class=\"wp-block-navigation-item__label\">Membran Filtre Kartu\u015flar<\/span><\/a><\/li><li class=\" wp-block-navigation-item wp-block-navigation-link\"><a class=\"wp-block-navigation-item__content\"  href=\"https:\/\/sinerji-as.com\/?page_id=177\"><span class=\"wp-block-navigation-item__label\">Derin Filtre Kartu\u015flar\u0131<\/span><\/a><\/li><li class=\" wp-block-navigation-item wp-block-navigation-link\"><a class=\"wp-block-navigation-item__content\"  href=\"https:\/\/sinerji-as.com\/?page_id=203\"><span class=\"wp-block-navigation-item__label\">Plakal\u0131 Filtreler<\/span><\/a><\/li><li class=\" wp-block-navigation-item wp-block-navigation-link\"><a class=\"wp-block-navigation-item__content\"  href=\"https:\/\/sinerji-as.com\/?page_id=212\"><span class=\"wp-block-navigation-item__label\">Kizelgur Filtre<\/span><\/a><\/li><li class=\" wp-block-navigation-item wp-block-navigation-link\"><a class=\"wp-block-navigation-item__content\"  href=\"https:\/\/sinerji-as.com\/?page_id=218\"><span class=\"wp-block-navigation-item__label\">Vakumlu Tambur Filtre<\/span><\/a><\/li><\/ul>\n\t\t\t\t\t\t\t<\/div>\n\t\t\t\t\t\t<\/div>\n\t\t\t\t\t<\/div>\n\t\t\t\t<\/div><\/nav><\/div>\n<\/div>\n<\/div>\n<\/div>\n","protected":false},"excerpt":{"rendered":"<p>\u015earap \u00fcretiminde kullan\u0131lan \u00fcr\u00fcnlerimizden, Filtre Kartonlar\u0131, Enzim, Aktif Kuru Maya, Maya Besinleri, Durultma ve Stabilizasyon \u00fcr\u00fcnleri a\u015fa\u011f\u0131da listelenmi\u015ftir. \u00dcr\u00fcnlere ait Teknik Bilgi ve Malzeme G\u00fcvenlik Bilgi D\u00f6kumanlar\u0131na da bu sayfadan ula\u015fabilirsiniz. \u00dcr\u00fcnler hakk\u0131nda daha detayl\u0131 bilgi i\u00e7in l\u00fctfen bizimle irtibata ge\u00e7iniz. info@sinerji-as.com \u015earap \u00fcretiminde kullan\u0131lan Meyve Kabul \u00dcniteleri, Meyve S\u0131kma Presleri, Sap Ay\u0131rma, Tane Patlatma, [&hellip;]<\/p>\n","protected":false},"author":1,"featured_media":0,"parent":420,"menu_order":0,"comment_status":"closed","ping_status":"closed","template":"page-with-sidebar","meta":{"footnotes":""},"class_list":["post-146","page","type-page","status-publish","hentry"],"_links":{"self":[{"href":"https:\/\/sinerji-as.com\/index.php?rest_route=\/wp\/v2\/pages\/146","targetHints":{"allow":["GET"]}}],"collection":[{"href":"https:\/\/sinerji-as.com\/index.php?rest_route=\/wp\/v2\/pages"}],"about":[{"href":"https:\/\/sinerji-as.com\/index.php?rest_route=\/wp\/v2\/types\/page"}],"author":[{"embeddable":true,"href":"https:\/\/sinerji-as.com\/index.php?rest_route=\/wp\/v2\/users\/1"}],"replies":[{"embeddable":true,"href":"https:\/\/sinerji-as.com\/index.php?rest_route=%2Fwp%2Fv2%2Fcomments&post=146"}],"version-history":[{"count":9,"href":"https:\/\/sinerji-as.com\/index.php?rest_route=\/wp\/v2\/pages\/146\/revisions"}],"predecessor-version":[{"id":513,"href":"https:\/\/sinerji-as.com\/index.php?rest_route=\/wp\/v2\/pages\/146\/revisions\/513"}],"up":[{"embeddable":true,"href":"https:\/\/sinerji-as.com\/index.php?rest_route=\/wp\/v2\/pages\/420"}],"wp:attachment":[{"href":"https:\/\/sinerji-as.com\/index.php?rest_route=%2Fwp%2Fv2%2Fmedia&parent=146"}],"curies":[{"name":"wp","href":"https:\/\/api.w.org\/{rel}","templated":true}]}}